{"id":1728,"date":"2018-05-15T14:13:39","date_gmt":"2018-05-15T11:13:39","guid":{"rendered":"http:\/\/nefinovasyon.com.tr\/?page_id=1728"},"modified":"2018-06-01T18:04:45","modified_gmt":"2018-06-01T15:04:45","slug":"sunum","status":"publish","type":"page","link":"https:\/\/www.nefinovasyon.com.tr\/ru\/sunum\/","title":{"rendered":"\u043f\u0440\u0435\u0437\u0435\u043d\u0442\u0430\u0446\u0438\u0438"},"content":{"rendered":"<div class=\"wpb-content-wrapper\"><p>[vc_row][vc_column width=&#187;1\/4&#8243;][vc_column_text]<\/p>\n<p style=\"text-align: center;\"><a href=\"https:\/\/www.nefinovasyon.com.tr\/wp-content\/uploads\/2018\/06\/\u041e-\u043a\u043e\u043c\u043f\u0430\u043d\u0438\u0438-Nef-Innovation.pdf\"><img loading=\"lazy\" decoding=\"async\" class=\"alignnone size-medium wp-image-1797\" src=\"https:\/\/www.nefinovasyon.com.tr\/wp-content\/uploads\/2018\/05\/550c07abe5bff-274x300.jpg\" alt=\"\" width=\"274\" height=\"300\" srcset=\"https:\/\/www.nefinovasyon.com.tr\/wp-content\/uploads\/2018\/05\/550c07abe5bff-274x300.jpg 274w, https:\/\/www.nefinovasyon.com.tr\/wp-content\/uploads\/2018\/05\/550c07abe5bff.jpg 748w\" sizes=\"auto, (max-width: 274px) 100vw, 274px\" \/><\/a><br \/>\n<strong><a href=\"https:\/\/www.nefinovasyon.com.tr\/wp-content\/uploads\/2018\/06\/\u041e-\u043a\u043e\u043c\u043f\u0430\u043d\u0438\u0438-Nef-Innovation.pdf\">\u041e \u043a\u043e\u043c\u043f\u0430\u043d\u0438\u0438 Nef Innovation<\/a><\/strong><\/p>\n<p>[\/vc_column_text][\/vc_column][vc_column width=&#187;1\/4&#8243;][vc_column_text]<\/p>\n<p style=\"text-align: center;\"><a href=\"https:\/\/www.nefinovasyon.com.tr\/wp-content\/uploads\/2018\/06\/\u041e-\u0432\u044b\u0441\u0442\u0430\u0432\u043a\u0435-\u0420\u0435\u043d\u043e\u0432\u0430.pdf\"><img loading=\"lazy\" decoding=\"async\" class=\"alignnone size-medium wp-image-1797\" src=\"https:\/\/www.nefinovasyon.com.tr\/wp-content\/uploads\/2018\/05\/550c07abe5bff-274x300.jpg\" alt=\"\" width=\"274\" height=\"300\" srcset=\"https:\/\/www.nefinovasyon.com.tr\/wp-content\/uploads\/2018\/05\/550c07abe5bff-274x300.jpg 274w, https:\/\/www.nefinovasyon.com.tr\/wp-content\/uploads\/2018\/05\/550c07abe5bff.jpg 748w\" sizes=\"auto, (max-width: 274px) 100vw, 274px\" \/><\/a><br \/>\n<strong><a href=\"https:\/\/www.nefinovasyon.com.tr\/wp-content\/uploads\/2018\/06\/\u041e-\u0432\u044b\u0441\u0442\u0430\u0432\u043a\u0435-\u0420\u0435\u043d\u043e\u0432\u0430.pdf\">\u041e \u0432\u044b\u0441\u0442\u0430\u0432\u043a\u0435 \u0420\u0435\u043d\u043e\u0432\u0430<\/a><\/strong><\/p>\n<p>[\/vc_column_text][\/vc_column][vc_column width=&#187;1\/4&#8243;][vc_column_text]<\/p>\n<p style=\"text-align: center;\"><a href=\"https:\/\/www.nefinovasyon.com.tr\/wp-content\/uploads\/2018\/06\/\u041f\u0420\u0415\u0417\u0415\u041d\u0422\u0410\u0426\u0418\u042f-\u041f\u0415\u0420\u0415\u0414\u0410\u0427\u0418-\u0418\u0417\u041e\u0411\u0420\u0410\u0416\u0415\u041d\u0418\u0419.pdf\"><img loading=\"lazy\" decoding=\"async\" class=\"alignnone size-medium wp-image-1797\" src=\"https:\/\/www.nefinovasyon.com.tr\/wp-content\/uploads\/2018\/05\/550c07abe5bff-274x300.jpg\" alt=\"\" width=\"274\" height=\"300\" srcset=\"https:\/\/www.nefinovasyon.com.tr\/wp-content\/uploads\/2018\/05\/550c07abe5bff-274x300.jpg 274w, https:\/\/www.nefinovasyon.com.tr\/wp-content\/uploads\/2018\/05\/550c07abe5bff.jpg 748w\" sizes=\"auto, (max-width: 274px) 100vw, 274px\" \/><\/a><br \/>\n<strong><a href=\"https:\/\/www.nefinovasyon.com.tr\/wp-content\/uploads\/2018\/06\/\u041f\u0420\u0415\u0417\u0415\u041d\u0422\u0410\u0426\u0418\u042f-\u041f\u0415\u0420\u0415\u0414\u0410\u0427\u0418-\u0418\u0417\u041e\u0411\u0420\u0410\u0416\u0415\u041d\u0418\u0419.pdf\">\u041f\u0420\u0415\u0417\u0415\u041d\u0422\u0410\u0426\u0418\u042f \u041f\u0415\u0420\u0415\u0414\u0410\u0427\u0418 \u0418\u0417\u041e\u0411\u0420\u0410\u0416\u0415\u041d\u0418\u0419<\/a><\/strong><\/p>\n<p>[\/vc_column_text][\/vc_column][vc_column width=&#187;1\/4&#8243;][vc_column_text]<\/p>\n<p style=\"text-align: center;\"><a href=\"https:\/\/www.nefinovasyon.com.tr\/wp-content\/uploads\/2018\/06\/\u041f\u0420\u0415\u0414\u0421\u0422\u0410\u0412\u041b\u0415\u041d\u0418\u0415-\u041c\u041e\u0411\u0418\u041b\u042c\u041d\u041e\u0419-\u0421\u0418\u0421\u0422\u0415\u041c\u042b.pdf\"><img loading=\"lazy\" decoding=\"async\" class=\"alignnone size-medium wp-image-1797\" src=\"https:\/\/www.nefinovasyon.com.tr\/wp-content\/uploads\/2018\/05\/550c07abe5bff-274x300.jpg\" alt=\"\" width=\"274\" height=\"300\" srcset=\"https:\/\/www.nefinovasyon.com.tr\/wp-content\/uploads\/2018\/05\/550c07abe5bff-274x300.jpg 274w, https:\/\/www.nefinovasyon.com.tr\/wp-content\/uploads\/2018\/05\/550c07abe5bff.jpg 748w\" sizes=\"auto, (max-width: 274px) 100vw, 274px\" \/><\/a><br \/>\n<strong><a href=\"https:\/\/www.nefinovasyon.com.tr\/wp-content\/uploads\/2018\/06\/\u041f\u0420\u0415\u0414\u0421\u0422\u0410\u0412\u041b\u0415\u041d\u0418\u0415-\u041c\u041e\u0411\u0418\u041b\u042c\u041d\u041e\u0419-\u0421\u0418\u0421\u0422\u0415\u041c\u042b.pdf\">\u041f\u0420\u0415\u0414\u0421\u0422\u0410\u0412\u041b\u0415\u041d\u0418\u0415 \u041c\u041e\u0411\u0418\u041b\u042c\u041d\u041e\u0419 \u0421\u0418\u0421\u0422\u0415\u041c\u042b<\/a><\/strong><\/p>\n<p>[\/vc_column_text][\/vc_column][\/vc_row][vc_row][vc_column width=&#187;1\/4&#8243;][vc_column_text]<\/p>\n<p style=\"text-align: center;\"><a href=\"https:\/\/www.nefinovasyon.com.tr\/wp-content\/uploads\/2018\/06\/MED\u0130REK-\u0422\u0415\u041b\u0415\u0420\u0410\u0414\u0418\u041e\u041b\u041e\u0413\u0418\u042f-\u0418-\u0422\u0415\u0425\u041d\u041e\u041f\u0410\u0420\u041a.pdf\"><img loading=\"lazy\" decoding=\"async\" class=\"alignnone size-medium wp-image-1797\" src=\"https:\/\/www.nefinovasyon.com.tr\/wp-content\/uploads\/2018\/05\/550c07abe5bff-274x300.jpg\" alt=\"\" width=\"274\" height=\"300\" srcset=\"https:\/\/www.nefinovasyon.com.tr\/wp-content\/uploads\/2018\/05\/550c07abe5bff-274x300.jpg 274w, https:\/\/www.nefinovasyon.com.tr\/wp-content\/uploads\/2018\/05\/550c07abe5bff.jpg 748w\" sizes=\"auto, (max-width: 274px) 100vw, 274px\" \/><\/a><br \/>\n<strong><a href=\"https:\/\/www.nefinovasyon.com.tr\/wp-content\/uploads\/2018\/06\/MED\u0130REK-\u0422\u0415\u041b\u0415\u0420\u0410\u0414\u0418\u041e\u041b\u041e\u0413\u0418\u042f-\u0418-\u0422\u0415\u0425\u041d\u041e\u041f\u0410\u0420\u041a.pdf\">MED\u0130REK \u0422\u0415\u041b\u0415\u0420\u0410\u0414\u0418\u041e\u041b\u041e\u0413\u0418\u042f \u0418 \u0422\u0415\u0425\u041d\u041e\u041f\u0410\u0420\u041a<\/a><\/strong><\/p>\n<p>[\/vc_column_text][\/vc_column][vc_column width=&#187;1\/4&#8243;][vc_column_text]<\/p>\n<p style=\"text-align: center;\"><a href=\"https:\/\/www.nefinovasyon.com.tr\/wp-content\/uploads\/2018\/06\/2D-\u041c\u0415\u0414\u0418\u041a\u0410\u041b\u042c.pdf\"><img loading=\"lazy\" decoding=\"async\" class=\"alignnone size-medium wp-image-1797\" src=\"https:\/\/www.nefinovasyon.com.tr\/wp-content\/uploads\/2018\/05\/550c07abe5bff-274x300.jpg\" alt=\"\" width=\"274\" height=\"300\" srcset=\"https:\/\/www.nefinovasyon.com.tr\/wp-content\/uploads\/2018\/05\/550c07abe5bff-274x300.jpg 274w, https:\/\/www.nefinovasyon.com.tr\/wp-content\/uploads\/2018\/05\/550c07abe5bff.jpg 748w\" sizes=\"auto, (max-width: 274px) 100vw, 274px\" \/><\/a><br \/>\n<strong><a href=\"https:\/\/www.nefinovasyon.com.tr\/wp-content\/uploads\/2018\/06\/2D-\u041c\u0415\u0414\u0418\u041a\u0410\u041b\u042c.pdf\">2D \u041c\u0415\u0414\u0418\u041a\u0410\u041b\u042c<\/a><\/strong><\/p>\n<p>[\/vc_column_text][\/vc_column][vc_column width=&#187;1\/4&#8243;][\/vc_column][vc_column width=&#187;1\/4&#8243;][\/vc_column][\/vc_row]<\/p>\n<\/div>","protected":false},"excerpt":{"rendered":"<p>[vc_row][vc_column width=&#187;1\/4&#8243;][vc_column_text] \u041e \u043a\u043e\u043c\u043f\u0430\u043d\u0438\u0438 Nef Innovation [\/vc_column_text][\/vc_column][vc_column width=&#187;1\/4&#8243;][vc_column_text] \u041e \u0432\u044b\u0441\u0442\u0430\u0432\u043a\u0435 \u0420\u0435\u043d\u043e\u0432\u0430 [\/vc_column_text][\/vc_column][vc_column width=&#187;1\/4&#8243;][vc_column_text] \u041f\u0420\u0415\u0417\u0415\u041d\u0422\u0410\u0426\u0418\u042f \u041f\u0415\u0420\u0415\u0414\u0410\u0427\u0418 \u0418\u0417\u041e\u0411\u0420\u0410\u0416\u0415\u041d\u0418\u0419 [\/vc_column_text][\/vc_column][vc_column width=&#187;1\/4&#8243;][vc_column_text] \u041f\u0420\u0415\u0414\u0421\u0422\u0410\u0412\u041b\u0415\u041d\u0418\u0415 \u041c\u041e\u0411\u0418\u041b\u042c\u041d\u041e\u0419 \u0421\u0418\u0421\u0422\u0415\u041c\u042b [\/vc_column_text][\/vc_column][\/vc_row][vc_row][vc_column width=&#187;1\/4&#8243;][vc_column_text] MED\u0130REK \u0422\u0415\u041b\u0415\u0420\u0410\u0414\u0418\u041e\u041b\u041e\u0413\u0418\u042f \u0418 \u0422\u0415\u0425\u041d\u041e\u041f\u0410\u0420\u041a [\/vc_column_text][\/vc_column][vc_column width=&#187;1\/4&#8243;][vc_column_text] 2D \u041c\u0415\u0414\u0418\u041a\u0410\u041b\u042c [\/vc_column_text][\/vc_column][vc_column width=&#187;1\/4&#8243;][\/vc_column][vc_column width=&#187;1\/4&#8243;][\/vc_column][\/vc_row]<\/p>\n","protected":false},"author":1,"featured_media":0,"parent":0,"menu_order":0,"comment_status":"closed","ping_status":"closed","template":"","meta":{"footnotes":""},"class_list":["post-1728","page","type-page","status-publish","hentry","description-off"],"yoast_head":"<!-- This site is optimized with the Yoast SEO plugin v27.4 - https:\/\/yoast.com\/product\/yoast-seo-wordpress\/ -->\n<title>\u043f\u0440\u0435\u0437\u0435\u043d\u0442\u0430\u0446\u0438\u0438 - Nef \u0130novasyon | Gelece\u011fin Sa\u011fl\u0131k Teknolojileri<\/title>\n<meta name=\"robots\" content=\"index, follow, max-snippet:-1, max-image-preview:large, max-video-preview:-1\" \/>\n<link rel=\"canonical\" href=\"https:\/\/www.nefinovasyon.com.tr\/sunum\/\" \/>\n<meta property=\"og:locale\" content=\"ru_RU\" \/>\n<meta property=\"og:type\" content=\"article\" \/>\n<meta property=\"og:title\" content=\"[:tr]Sunum[:en]Presentations[:ru]\u043f\u0440\u0435\u0437\u0435\u043d\u0442\u0430\u0446\u0438\u0438[:] - Nef \u0130novasyon | Gelece\u011fin Sa\u011fl\u0131k Teknolojileri\" \/>\n<meta property=\"og:description\" content=\"[vc_row][vc_column width=&#187;1\/4&#8243;][vc_column_text] \u041e \u043a\u043e\u043c\u043f\u0430\u043d\u0438\u0438 Nef Innovation [\/vc_column_text][\/vc_column][vc_column width=&#187;1\/4&#8243;][vc_column_text] \u041e \u0432\u044b\u0441\u0442\u0430\u0432\u043a\u0435 \u0420\u0435\u043d\u043e\u0432\u0430 [\/vc_column_text][\/vc_column][vc_column width=&#187;1\/4&#8243;][vc_column_text] \u041f\u0420\u0415\u0417\u0415\u041d\u0422\u0410\u0426\u0418\u042f \u041f\u0415\u0420\u0415\u0414\u0410\u0427\u0418 \u0418\u0417\u041e\u0411\u0420\u0410\u0416\u0415\u041d\u0418\u0419 [\/vc_column_text][\/vc_column][vc_column width=&#187;1\/4&#8243;][vc_column_text] \u041f\u0420\u0415\u0414\u0421\u0422\u0410\u0412\u041b\u0415\u041d\u0418\u0415 \u041c\u041e\u0411\u0418\u041b\u042c\u041d\u041e\u0419 \u0421\u0418\u0421\u0422\u0415\u041c\u042b [\/vc_column_text][\/vc_column][\/vc_row][vc_row][vc_column width=&#187;1\/4&#8243;][vc_column_text] MED\u0130REK \u0422\u0415\u041b\u0415\u0420\u0410\u0414\u0418\u041e\u041b\u041e\u0413\u0418\u042f \u0418 \u0422\u0415\u0425\u041d\u041e\u041f\u0410\u0420\u041a [\/vc_column_text][\/vc_column][vc_column width=&#187;1\/4&#8243;][vc_column_text] 2D \u041c\u0415\u0414\u0418\u041a\u0410\u041b\u042c [\/vc_column_text][\/vc_column][vc_column width=&#187;1\/4&#8243;][\/vc_column][vc_column width=&#187;1\/4&#8243;][\/vc_column][\/vc_row]\" \/>\n<meta property=\"og:url\" content=\"https:\/\/www.nefinovasyon.com.tr\/sunum\/\" \/>\n<meta property=\"og:site_name\" content=\"Nef \u0130novasyon | Gelece\u011fin Sa\u011fl\u0131k Teknolojileri\" \/>\n<meta property=\"article:modified_time\" content=\"2018-06-01T15:04:45+00:00\" \/>\n<meta property=\"og:image\" content=\"https:\/\/www.nefinovasyon.com.tr\/wp-content\/uploads\/2018\/05\/550c07abe5bff.jpg\" \/>\n\t<meta property=\"og:image:width\" content=\"748\" \/>\n\t<meta property=\"og:image:height\" content=\"820\" \/>\n\t<meta property=\"og:image:type\" content=\"image\/jpeg\" \/>\n<meta name=\"twitter:card\" content=\"summary_large_image\" \/>\n<meta name=\"twitter:label1\" content=\"\u041f\u0440\u0438\u043c\u0435\u0440\u043d\u043e\u0435 \u0432\u0440\u0435\u043c\u044f \u0434\u043b\u044f \u0447\u0442\u0435\u043d\u0438\u044f\" \/>\n\t<meta name=\"twitter:data1\" content=\"1 \u043c\u0438\u043d\u0443\u0442\u0430\" \/>\n<script type=\"application\/ld+json\" class=\"yoast-schema-graph\">{\"@context\":\"https:\\\/\\\/schema.org\",\"@graph\":[{\"@type\":\"WebPage\",\"@id\":\"https:\\\/\\\/www.nefinovasyon.com.tr\\\/sunum\\\/\",\"url\":\"https:\\\/\\\/www.nefinovasyon.com.tr\\\/sunum\\\/\",\"name\":\"[:tr]Sunum[:en]Presentations[:ru]\u043f\u0440\u0435\u0437\u0435\u043d\u0442\u0430\u0446\u0438\u0438[:] - Nef \u0130novasyon | Gelece\u011fin Sa\u011fl\u0131k Teknolojileri\",\"isPartOf\":{\"@id\":\"https:\\\/\\\/www.nefinovasyon.com.tr\\\/#website\"},\"primaryImageOfPage\":{\"@id\":\"https:\\\/\\\/www.nefinovasyon.com.tr\\\/sunum\\\/#primaryimage\"},\"image\":{\"@id\":\"https:\\\/\\\/www.nefinovasyon.com.tr\\\/sunum\\\/#primaryimage\"},\"thumbnailUrl\":\"https:\\\/\\\/www.nefinovasyon.com.tr\\\/wp-content\\\/uploads\\\/2018\\\/05\\\/550c07abe5bff-274x300.jpg\",\"datePublished\":\"2018-05-15T11:13:39+00:00\",\"dateModified\":\"2018-06-01T15:04:45+00:00\",\"breadcrumb\":{\"@id\":\"https:\\\/\\\/www.nefinovasyon.com.tr\\\/sunum\\\/#breadcrumb\"},\"inLanguage\":\"ru-RU\",\"potentialAction\":[{\"@type\":\"ReadAction\",\"target\":[\"https:\\\/\\\/www.nefinovasyon.com.tr\\\/sunum\\\/\"]}]},{\"@type\":\"ImageObject\",\"inLanguage\":\"ru-RU\",\"@id\":\"https:\\\/\\\/www.nefinovasyon.com.tr\\\/sunum\\\/#primaryimage\",\"url\":\"https:\\\/\\\/www.nefinovasyon.com.tr\\\/wp-content\\\/uploads\\\/2018\\\/05\\\/550c07abe5bff-274x300.jpg\",\"contentUrl\":\"https:\\\/\\\/www.nefinovasyon.com.tr\\\/wp-content\\\/uploads\\\/2018\\\/05\\\/550c07abe5bff-274x300.jpg\"},{\"@type\":\"BreadcrumbList\",\"@id\":\"https:\\\/\\\/www.nefinovasyon.com.tr\\\/sunum\\\/#breadcrumb\",\"itemListElement\":[{\"@type\":\"ListItem\",\"position\":1,\"name\":\"Anasayfa\",\"item\":\"https:\\\/\\\/www.nefinovasyon.com.tr\\\/\"},{\"@type\":\"ListItem\",\"position\":2,\"name\":\"Sunum\"}]},{\"@type\":\"WebSite\",\"@id\":\"https:\\\/\\\/www.nefinovasyon.com.tr\\\/#website\",\"url\":\"https:\\\/\\\/www.nefinovasyon.com.tr\\\/\",\"name\":\"Nef \u0130novasyon | Gelece\u011fin Sa\u011fl\u0131k Teknolojileri\",\"description\":\"Emar Cihaz\u0131, Tomografi Cihaz\u0131,  Ultrason Cihaz\u0131, R\u00f6ntgen Cihaz\u0131, Menoraji Cihaz\u0131, Fizik Tedavi hizmetleri vermekteyiz. +90 212 594 77 51\",\"potentialAction\":[{\"@type\":\"SearchAction\",\"target\":{\"@type\":\"EntryPoint\",\"urlTemplate\":\"https:\\\/\\\/www.nefinovasyon.com.tr\\\/?s={search_term_string}\"},\"query-input\":{\"@type\":\"PropertyValueSpecification\",\"valueRequired\":true,\"valueName\":\"search_term_string\"}}],\"inLanguage\":\"ru-RU\"}]}<\/script>\n<!-- \/ Yoast SEO plugin. -->","yoast_head_json":{"title":"[:tr]Sunum[:en]Presentations[:ru]\u043f\u0440\u0435\u0437\u0435\u043d\u0442\u0430\u0446\u0438\u0438[:] - Nef \u0130novasyon | Gelece\u011fin Sa\u011fl\u0131k Teknolojileri","robots":{"index":"index","follow":"follow","max-snippet":"max-snippet:-1","max-image-preview":"max-image-preview:large","max-video-preview":"max-video-preview:-1"},"canonical":"https:\/\/www.nefinovasyon.com.tr\/sunum\/","og_locale":"ru_RU","og_type":"article","og_title":"[:tr]Sunum[:en]Presentations[:ru]\u043f\u0440\u0435\u0437\u0435\u043d\u0442\u0430\u0446\u0438\u0438[:] - Nef \u0130novasyon | Gelece\u011fin Sa\u011fl\u0131k Teknolojileri","og_description":"[vc_row][vc_column width=&#187;1\/4&#8243;][vc_column_text] \u041e \u043a\u043e\u043c\u043f\u0430\u043d\u0438\u0438 Nef Innovation [\/vc_column_text][\/vc_column][vc_column width=&#187;1\/4&#8243;][vc_column_text] \u041e \u0432\u044b\u0441\u0442\u0430\u0432\u043a\u0435 \u0420\u0435\u043d\u043e\u0432\u0430 [\/vc_column_text][\/vc_column][vc_column width=&#187;1\/4&#8243;][vc_column_text] \u041f\u0420\u0415\u0417\u0415\u041d\u0422\u0410\u0426\u0418\u042f \u041f\u0415\u0420\u0415\u0414\u0410\u0427\u0418 \u0418\u0417\u041e\u0411\u0420\u0410\u0416\u0415\u041d\u0418\u0419 [\/vc_column_text][\/vc_column][vc_column width=&#187;1\/4&#8243;][vc_column_text] \u041f\u0420\u0415\u0414\u0421\u0422\u0410\u0412\u041b\u0415\u041d\u0418\u0415 \u041c\u041e\u0411\u0418\u041b\u042c\u041d\u041e\u0419 \u0421\u0418\u0421\u0422\u0415\u041c\u042b [\/vc_column_text][\/vc_column][\/vc_row][vc_row][vc_column width=&#187;1\/4&#8243;][vc_column_text] MED\u0130REK \u0422\u0415\u041b\u0415\u0420\u0410\u0414\u0418\u041e\u041b\u041e\u0413\u0418\u042f \u0418 \u0422\u0415\u0425\u041d\u041e\u041f\u0410\u0420\u041a [\/vc_column_text][\/vc_column][vc_column width=&#187;1\/4&#8243;][vc_column_text] 2D \u041c\u0415\u0414\u0418\u041a\u0410\u041b\u042c [\/vc_column_text][\/vc_column][vc_column width=&#187;1\/4&#8243;][\/vc_column][vc_column width=&#187;1\/4&#8243;][\/vc_column][\/vc_row]","og_url":"https:\/\/www.nefinovasyon.com.tr\/sunum\/","og_site_name":"Nef \u0130novasyon | Gelece\u011fin Sa\u011fl\u0131k Teknolojileri","article_modified_time":"2018-06-01T15:04:45+00:00","og_image":[{"width":748,"height":820,"url":"https:\/\/www.nefinovasyon.com.tr\/wp-content\/uploads\/2018\/05\/550c07abe5bff.jpg","type":"image\/jpeg"}],"twitter_card":"summary_large_image","twitter_misc":{"\u041f\u0440\u0438\u043c\u0435\u0440\u043d\u043e\u0435 \u0432\u0440\u0435\u043c\u044f \u0434\u043b\u044f \u0447\u0442\u0435\u043d\u0438\u044f":"1 \u043c\u0438\u043d\u0443\u0442\u0430"},"schema":{"@context":"https:\/\/schema.org","@graph":[{"@type":"WebPage","@id":"https:\/\/www.nefinovasyon.com.tr\/sunum\/","url":"https:\/\/www.nefinovasyon.com.tr\/sunum\/","name":"[:tr]Sunum[:en]Presentations[:ru]\u043f\u0440\u0435\u0437\u0435\u043d\u0442\u0430\u0446\u0438\u0438[:] - Nef \u0130novasyon | Gelece\u011fin Sa\u011fl\u0131k Teknolojileri","isPartOf":{"@id":"https:\/\/www.nefinovasyon.com.tr\/#website"},"primaryImageOfPage":{"@id":"https:\/\/www.nefinovasyon.com.tr\/sunum\/#primaryimage"},"image":{"@id":"https:\/\/www.nefinovasyon.com.tr\/sunum\/#primaryimage"},"thumbnailUrl":"https:\/\/www.nefinovasyon.com.tr\/wp-content\/uploads\/2018\/05\/550c07abe5bff-274x300.jpg","datePublished":"2018-05-15T11:13:39+00:00","dateModified":"2018-06-01T15:04:45+00:00","breadcrumb":{"@id":"https:\/\/www.nefinovasyon.com.tr\/sunum\/#breadcrumb"},"inLanguage":"ru-RU","potentialAction":[{"@type":"ReadAction","target":["https:\/\/www.nefinovasyon.com.tr\/sunum\/"]}]},{"@type":"ImageObject","inLanguage":"ru-RU","@id":"https:\/\/www.nefinovasyon.com.tr\/sunum\/#primaryimage","url":"https:\/\/www.nefinovasyon.com.tr\/wp-content\/uploads\/2018\/05\/550c07abe5bff-274x300.jpg","contentUrl":"https:\/\/www.nefinovasyon.com.tr\/wp-content\/uploads\/2018\/05\/550c07abe5bff-274x300.jpg"},{"@type":"BreadcrumbList","@id":"https:\/\/www.nefinovasyon.com.tr\/sunum\/#breadcrumb","itemListElement":[{"@type":"ListItem","position":1,"name":"Anasayfa","item":"https:\/\/www.nefinovasyon.com.tr\/"},{"@type":"ListItem","position":2,"name":"Sunum"}]},{"@type":"WebSite","@id":"https:\/\/www.nefinovasyon.com.tr\/#website","url":"https:\/\/www.nefinovasyon.com.tr\/","name":"Nef \u0130novasyon | Gelece\u011fin Sa\u011fl\u0131k Teknolojileri","description":"Emar Cihaz\u0131, Tomografi Cihaz\u0131,  Ultrason Cihaz\u0131, R\u00f6ntgen Cihaz\u0131, Menoraji Cihaz\u0131, Fizik Tedavi hizmetleri vermekteyiz. +90 212 594 77 51","potentialAction":[{"@type":"SearchAction","target":{"@type":"EntryPoint","urlTemplate":"https:\/\/www.nefinovasyon.com.tr\/?s={search_term_string}"},"query-input":{"@type":"PropertyValueSpecification","valueRequired":true,"valueName":"search_term_string"}}],"inLanguage":"ru-RU"}]}},"_links":{"self":[{"href":"https:\/\/www.nefinovasyon.com.tr\/ru\/wp-json\/wp\/v2\/pages\/1728","targetHints":{"allow":["GET"]}}],"collection":[{"href":"https:\/\/www.nefinovasyon.com.tr\/ru\/wp-json\/wp\/v2\/pages"}],"about":[{"href":"https:\/\/www.nefinovasyon.com.tr\/ru\/wp-json\/wp\/v2\/types\/page"}],"author":[{"embeddable":true,"href":"https:\/\/www.nefinovasyon.com.tr\/ru\/wp-json\/wp\/v2\/users\/1"}],"replies":[{"embeddable":true,"href":"https:\/\/www.nefinovasyon.com.tr\/ru\/wp-json\/wp\/v2\/comments?post=1728"}],"version-history":[{"count":0,"href":"https:\/\/www.nefinovasyon.com.tr\/ru\/wp-json\/wp\/v2\/pages\/1728\/revisions"}],"wp:attachment":[{"href":"https:\/\/www.nefinovasyon.com.tr\/ru\/wp-json\/wp\/v2\/media?parent=1728"}],"curies":[{"name":"wp","href":"https:\/\/api.w.org\/{rel}","templated":true}]}}