{"id":1628,"date":"2018-05-14T12:33:33","date_gmt":"2018-05-14T09:33:33","guid":{"rendered":"http:\/\/nefinovasyon.com.tr\/?page_id=1628"},"modified":"2018-05-30T11:54:34","modified_gmt":"2018-05-30T08:54:34","slug":"ultrason","status":"publish","type":"page","link":"https:\/\/www.nefinovasyon.com.tr\/ru\/ultrason\/","title":{"rendered":"\u0423\u043b\u044c\u0442\u0440\u0430\u0437\u0432\u0443\u043a"},"content":{"rendered":"<div class=\"wpb-content-wrapper\"><p>[vc_row type=&#187;vc_default&#187; content_placement=&#187;middle&#187; css=&#187;.vc_custom_1526452493790{padding-top: 0px !important;padding-bottom: 20px !important;}&#187; el_id=&#187;about&#187;][vc_column offset=&#187;vc_col-lg-6 vc_col-md-6&#8243; css=&#187;.vc_custom_1515424178786{padding-bottom: 50px !important;}&#187;]<div id=\"ultimate-heading-682969e2281009ac0\" class=\"uvc-heading ult-adjust-bottom-margin ultimate-heading-682969e2281009ac0 uvc-4823 \" data-hspacer=\"no_spacer\"  data-halign=\"left\" style=\"text-align:left\"><div class=\"uvc-heading-spacer no_spacer\" style=\"top\"><\/div><div class=\"uvc-main-heading ult-responsive\"  data-ultimate-target='.uvc-heading.ultimate-heading-682969e2281009ac0 h2'  data-responsive-json-new='{\"font-size\":\"desktop:30px;\",\"line-height\":\"desktop:40px;\"}' ><h2 style=\"font-weight:bold;margin-bottom:20px;\">\u0423\u043b\u044c\u0442\u0440\u0430\u0437\u0432\u0443\u043a<\/h2><\/div><div class=\"uvc-sub-heading ult-responsive\"  data-ultimate-target='.uvc-heading.ultimate-heading-682969e2281009ac0 .uvc-sub-heading '  data-responsive-json-new='{\"font-size\":\"\",\"line-height\":\"desktop:26px;\"}'  style=\"font-weight:normal;margin-bottom:20px;\">\u041d\u0430\u0438\u0431\u043e\u043b\u0435\u0435 \u043f\u0440\u0435\u0434\u043f\u043e\u0447\u0442\u0438\u0442\u0435\u043b\u044c\u043d\u044b\u043c \u043c\u0435\u0442\u043e\u0434\u043e\u043c \u0432\u0438\u0437\u0443\u0430\u043b\u0438\u0437\u0430\u0446\u0438\u0438 \u0441\u0440\u0435\u0434\u0438 \u0441\u043e\u0432\u0440\u0435\u043c\u0435\u043d\u043d\u044b\u0445 \u0441\u043e\u0432\u0440\u0435\u043c\u0435\u043d\u043d\u044b\u0445 \u0442\u0435\u0445\u043d\u043e\u043b\u043e\u0433\u0438\u0439 \u044f\u0432\u043b\u044f\u0435\u0442\u0441\u044f \u0443\u043b\u044c\u0442\u0440\u0430\u0437\u0432\u0443\u043a. \u042d\u0442\u043e \u043f\u0440\u0438\u043b\u043e\u0436\u0435\u043d\u0438\u0435, \u0446\u0435\u043b\u044c\u044e \u043a\u043e\u0442\u043e\u0440\u043e\u0433\u043e \u044f\u0432\u043b\u044f\u0435\u0442\u0441\u044f \u0432\u0438\u0437\u0443\u0430\u043b\u0438\u0437\u0430\u0446\u0438\u044f \u0432\u0441\u0435\u0445 \u0441\u043e\u0431\u044b\u0442\u0438\u0439, \u043f\u0440\u043e\u0438\u0441\u0445\u043e\u0434\u044f\u0449\u0438\u0445 \u0432 \u0442\u0435\u043b\u0435, \u043d\u0435 \u0441\u043e\u0434\u0435\u0440\u0436\u0438\u0442 \u0438\u0437\u043b\u0443\u0447\u0435\u043d\u0438\u044f \u0438 \u0434\u043e\u0432\u043e\u043b\u044c\u043d\u043e \u0443\u0441\u043f\u0435\u0448\u043d\u043e. \u0412\u043c\u0435\u0441\u0442\u0435 \u0441 \u0432\u0430\u043c\u0438 \u043c\u044b \u043f\u0440\u043e\u0432\u0435\u0440\u0438\u043c \u043c\u043d\u043e\u0433\u043e \u0438\u043d\u0444\u043e\u0440\u043c\u0430\u0446\u0438\u0438 \u043e \u043f\u043e\u043b\u044f\u0445 \u043f\u0440\u0438\u043c\u0435\u043d\u0435\u043d\u0438\u044f \u0443\u043b\u044c\u0442\u0440\u0430\u0437\u0432\u0443\u043a\u0430, \u0438 \u043c\u044b \u0431\u0443\u0434\u0435\u043c \u0441\u0441\u044b\u043b\u0430\u0442\u044c\u0441\u044f \u043d\u0430 \u043c\u043d\u043e\u0433\u043e \u0438\u043d\u0444\u043e\u0440\u043c\u0430\u0446\u0438\u0438 \u043e\u0431 \u044d\u0444\u0444\u0435\u043a\u0442\u0438\u0432\u043d\u043e\u0441\u0442\u0438 \u0443\u043b\u044c\u0442\u0440\u0430\u0437\u0432\u0443\u043a\u0430.<\/p>\n<p>\u0423\u043b\u044c\u0442\u0440\u0430\u0437\u0432\u0443\u043a\u043e\u0432\u043e\u0435 \u0443\u0441\u0442\u0440\u043e\u0439\u0441\u0442\u0432\u043e \u0441\u043d\u043e\u0432\u0430 \u0440\u0430\u0431\u043e\u0442\u0430\u0435\u0442 \u0441 \u043f\u0440\u0438\u043d\u0446\u0438\u043f\u0430\u043c\u0438 \u043e\u0442\u0440\u0430\u0436\u0435\u043d\u0438\u044f \u0438 \u043e\u0442\u0440\u0430\u0436\u0435\u043d\u0438\u044f \u0437\u0432\u0443\u043a\u043e\u0432\u044b\u0445 \u0432\u043e\u043b\u043d \u0432 \u0442\u043a\u0430\u043d\u044f\u0445 \u0441 \u0440\u0430\u0437\u043d\u043e\u0439 \u043f\u043b\u043e\u0442\u043d\u043e\u0441\u0442\u044c\u044e. \u0411\u043e\u043b\u044c\u0448\u0438\u043d\u0441\u0442\u0432\u043e \u0432\u044b\u043f\u043e\u043b\u043d\u0435\u043d\u043d\u044b\u0445 \u0442\u0435\u0441\u0442\u043e\u0432 \u0432\u044b\u043f\u043e\u043b\u043d\u044f\u044e\u0442\u0441\u044f \u0441 \u0438\u0441\u043f\u043e\u043b\u044c\u0437\u043e\u0432\u0430\u043d\u0438\u0435\u043c \u0432\u043d\u0435\u0448\u043d\u0435\u0433\u043e \u0443\u0441\u0442\u0440\u043e\u0439\u0441\u0442\u0432\u0430 \u0441\u043e\u043d\u0430\u0440\u0430. \u042d\u0442\u043e \u0442\u0430\u043a\u0436\u0435 \u043c\u043e\u0436\u043d\u043e \u0441\u0434\u0435\u043b\u0430\u0442\u044c \u0441 \u043f\u043e\u043c\u043e\u0449\u044c\u044e \u043e\u0447\u0435\u043d\u044c \u043c\u0430\u043b\u0435\u043d\u044c\u043a\u043e\u0433\u043e \u0443\u0441\u0442\u0440\u043e\u0439\u0441\u0442\u0432\u0430, \u0440\u0430\u0437\u043c\u0435\u0449\u0435\u043d\u043d\u043e\u0433\u043e \u0432 \u043a\u043e\u0440\u043f\u0443\u0441\u0435.<\/p>\n<h2>\u0417\u0430\u0447\u0435\u043c \u0438\u0441\u043f\u043e\u043b\u044c\u0437\u043e\u0432\u0430\u0442\u044c \u0435\u0433\u043e?<\/h2>\n<p>\u0423\u043b\u044c\u0442\u0440\u0430\u0437\u0432\u0443\u043a \u043c\u043e\u0436\u0435\u0442 \u0431\u044b\u0442\u044c \u043f\u0440\u0435\u0434\u043f\u043e\u0447\u0442\u0438\u0442\u0435\u043b\u044c\u043d\u044b\u043c \u043f\u043e \u0440\u0430\u0437\u043d\u044b\u043c \u043f\u0440\u0438\u0447\u0438\u043d\u0430\u043c. \u041e\u0431\u043b\u0430\u0441\u0442\u0438 \u043f\u0440\u0438\u043c\u0435\u043d\u0435\u043d\u0438\u044f \u0443\u043b\u044c\u0442\u0440\u0430\u0437\u0432\u0443\u043a\u0430 \u043c\u043e\u0433\u0443\u0442 \u0431\u044b\u0442\u044c \u043f\u0435\u0440\u0435\u0447\u0438\u0441\u043b\u0435\u043d\u044b \u0441\u043b\u0435\u0434\u0443\u044e\u0449\u0438\u043c \u043e\u0431\u0440\u0430\u0437\u043e\u043c;<\/p>\n<p>\u0414\u043b\u044f \u0431\u0435\u0440\u0435\u043c\u0435\u043d\u043d\u044b\u0445 \u0436\u0435\u043d\u0449\u0438\u043d \u0432\u043e\u0437\u043c\u043e\u0436\u043d\u043e\u0441\u0442\u044c \u043e\u0441\u043c\u043e\u0442\u0440\u0435\u0442\u044c \u0441\u043e\u0441\u0442\u043e\u044f\u043d\u0438\u0435 \u0437\u0434\u043e\u0440\u043e\u0432\u044c\u044f \u0440\u0435\u0431\u0435\u043d\u043a\u0430<\/p>\n<p>\u0427\u0442\u043e\u0431\u044b \u043e\u0446\u0435\u043d\u0438\u0442\u044c \u0441\u043e\u0441\u0442\u043e\u044f\u043d\u0438\u0435 \u043a\u0430\u043c\u043d\u0435\u0439 \u0432 \u0436\u0435\u043b\u0447\u0438<\/p>\n<p>\u0414\u043b\u044f \u0443\u043f\u0440\u0430\u0432\u043b\u0435\u043d\u0438\u044f \u0441\u043f\u0435\u0446\u0438\u0430\u043b\u044c\u043d\u043e\u0439 \u0438\u0433\u043b\u043e\u0439, \u0438\u0441\u043f\u043e\u043b\u044c\u0437\u0443\u0435\u043c\u043e\u0439 \u0434\u043b\u044f \u043b\u0435\u0447\u0435\u043d\u0438\u044f \u043e\u043f\u0443\u0445\u043e\u043b\u0438 \u0438\u043b\u0438 \u0431\u0438\u043e\u043f\u0441\u0438\u0438<\/p>\n<p>\u0427\u0442\u043e\u0431\u044b \u043f\u0440\u043e\u0432\u0435\u0440\u0438\u0442\u044c \u0441\u043e\u0441\u0442\u043e\u044f\u043d\u0438\u0435 \u0449\u0438\u0442\u043e\u0432\u0438\u0434\u043d\u043e\u0439 \u0436\u0435\u043b\u0435\u0437\u044b<\/p>\n<p>\u0427\u0442\u043e\u0431\u044b \u0438\u043c\u0435\u0442\u044c \u0432\u043e\u0437\u043c\u043e\u0436\u043d\u043e\u0441\u0442\u044c \u043e\u0431\u043d\u0430\u0440\u0443\u0436\u0438\u0432\u0430\u0442\u044c \u0443\u0437\u043b\u044b, \u0437\u0430\u043c\u0435\u0447\u0435\u043d\u043d\u044b\u0435 \u0432 \u043c\u0435\u043c\u0435, \u044f\u0432\u043b\u044f\u044e\u0442\u0441\u044f \u0431\u0435\u0437\u043e\u0431\u0438\u0434\u043d\u044b\u043c\u0438 \u0438\u043b\u0438 \u0437\u043b\u043e\u043a\u0430\u0447\u0435\u0441\u0442\u0432\u0435\u043d\u043d\u044b\u043c\u0438<\/p>\n<p>\u0427\u0442\u043e\u0431\u044b \u0443\u0432\u0438\u0434\u0435\u0442\u044c, \u0435\u0441\u0442\u044c \u043b\u0438 \u043e\u0442\u0440\u0438\u0446\u0430\u0442\u0435\u043b\u044c\u043d\u043e\u0435 \u0441\u043e\u0441\u0442\u043e\u044f\u043d\u0438\u0435 \u0432 \u0444\u0443\u043d\u043a\u0446\u0438\u0438 \u0441\u0435\u0440\u0434\u0446\u0430<\/p>\n<p>\u0414\u043b\u044f \u0432\u044b\u044f\u0432\u043b\u0435\u043d\u0438\u044f \u0440\u0430\u0437\u043b\u0438\u0447\u043d\u044b\u0445 \u0438\u043d\u0444\u0435\u043a\u0446\u0438\u0439<\/p>\n<p>\u0414\u0438\u0430\u0433\u043d\u043e\u0441\u0442\u0438\u0440\u043e\u0432\u0430\u0442\u044c \u0430\u043d\u043e\u043c\u0430\u043b\u0438\u0438 \u0432 \u043e\u0431\u043b\u0430\u0441\u0442\u0438 \u043f\u0440\u0435\u0434\u0441\u0442\u0430\u0442\u0435\u043b\u044c\u043d\u043e\u0439 \u0436\u0435\u043b\u0435\u0437\u044b \u0438\u043b\u0438 \u043f\u043e\u043b\u043e\u0432\u044b\u0445 \u043e\u0440\u0433\u0430\u043d\u043e\u0432<\/p>\n<p>\u041e\u043d \u0438\u0441\u043f\u043e\u043b\u044c\u0437\u0443\u0435\u0442\u0441\u044f \u0434\u043b\u044f \u043e\u0446\u0435\u043d\u043a\u0438 \u0430\u043d\u043e\u043c\u0430\u043b\u044c\u043d\u044b\u0445 \u0441\u043e\u0441\u0442\u043e\u044f\u043d\u0438\u0439 \u0432 \u0440\u0435\u0431\u0440\u0430\u0445 \u0438 \u043c\u044b\u0448\u0446\u0430\u0445.<\/div><\/div>[\/vc_column][vc_column width=&#187;2\/3&#8243; offset=&#187;vc_col-lg-offset-0 vc_col-lg-6 vc_col-md-offset-0 vc_col-md-6 vc_col-sm-offset-2&#8243; css=&#187;.vc_custom_1515424193637{padding-bottom: 50px !important;}&#187;]<style type=\"text\/css\" data-type=\"the7_shortcodes-inline-css\">.shortcode-single-image-wrap.shortcode-single-image-61ee02ab8be22e416f0ba61378b8bbbe.enable-bg-rollover .rollover i,\n.shortcode-single-image-wrap.shortcode-single-image-61ee02ab8be22e416f0ba61378b8bbbe.enable-bg-rollover .rollover-video i {\n  background: -webkit-linear-gradient();\n  background: linear-gradient();\n}\n.shortcode-single-image-wrap.shortcode-single-image-61ee02ab8be22e416f0ba61378b8bbbe .rollover-icon {\n  font-size: 32px;\n  color: #ffffff;\n  min-width: 44px;\n  min-height: 44px;\n  line-height: 44px;\n  border-radius: 100px;\n  border-style: solid;\n  border-width: 0px;\n}\n.dt-icon-bg-on.shortcode-single-image-wrap.shortcode-single-image-61ee02ab8be22e416f0ba61378b8bbbe .rollover-icon {\n  background: rgba(255,255,255,0.3);\n  box-shadow: none;\n}<\/style><div class=\"shortcode-single-image-wrap shortcode-single-image-61ee02ab8be22e416f0ba61378b8bbbe alignnone  enable-bg-rollover dt-icon-bg-off\" style=\"margin-top:0px; margin-bottom:0px; margin-left:0px; margin-right:0px; width:1000px;\"><div class=\"shortcode-single-image\"><div class=\"fancy-media-wrap  layzr-bg\" style=\"\"><img fetchpriority=\"high\" decoding=\"async\" class=\"preload-me lazy-load aspect\" src=\"data:image\/svg+xml,%3Csvg%20xmlns%3D&#39;http%3A%2F%2Fwww.w3.org%2F2000%2Fsvg&#39;%20viewBox%3D&#39;0%200%20952%20667&#39;%2F%3E\" data-src=\"https:\/\/www.nefinovasyon.com.tr\/wp-content\/uploads\/2018\/05\/3649452815af92cbd54f311.17727656-shutterstock-582902287-952x667.png\" data-srcset=\"https:\/\/www.nefinovasyon.com.tr\/wp-content\/uploads\/2018\/05\/3649452815af92cbd54f311.17727656-shutterstock-582902287-952x667.png 952w\" loading=\"eager\" sizes=\"(max-width: 952px) 100vw, 952px\" width=\"952\" height=\"667\"  data-dt-location=\"https:\/\/www.nefinovasyon.com.tr\/ru\/ultrason\/3649452815af92cbd54f311-17727656-shutterstock-582902287\/\" style=\"--ratio: 952 \/ 667;\" alt=\"\" \/><\/div><\/div><\/div><style type=\"text\/css\" data-type=\"the7_shortcodes-inline-css\">.shortcode-single-image-wrap.shortcode-single-image-79fb7b74001ab5050f528f068c631a49.enable-bg-rollover .rollover i,\n.shortcode-single-image-wrap.shortcode-single-image-79fb7b74001ab5050f528f068c631a49.enable-bg-rollover .rollover-video i {\n  background: -webkit-linear-gradient();\n  background: linear-gradient();\n}\n.shortcode-single-image-wrap.shortcode-single-image-79fb7b74001ab5050f528f068c631a49 .rollover-icon {\n  font-size: 32px;\n  color: #ffffff;\n  min-width: 44px;\n  min-height: 44px;\n  line-height: 44px;\n  border-radius: 100px;\n  border-style: solid;\n  border-width: 0px;\n}\n.dt-icon-bg-on.shortcode-single-image-wrap.shortcode-single-image-79fb7b74001ab5050f528f068c631a49 .rollover-icon {\n  background: rgba(255,255,255,0.3);\n  box-shadow: none;\n}<\/style><div class=\"shortcode-single-image-wrap shortcode-single-image-79fb7b74001ab5050f528f068c631a49 alignnone  enable-bg-rollover dt-icon-bg-off\" style=\"margin-top:0px; margin-bottom:0px; margin-left:0px; margin-right:0px; width:1000px;\"><div class=\"shortcode-single-image\"><div class=\"fancy-media-wrap  layzr-bg\" style=\"\"><img decoding=\"async\" class=\"preload-me lazy-load aspect\" src=\"data:image\/svg+xml,%3Csvg%20xmlns%3D&#39;http%3A%2F%2Fwww.w3.org%2F2000%2Fsvg&#39;%20viewBox%3D&#39;0%200%20952%20667&#39;%2F%3E\" data-src=\"https:\/\/www.nefinovasyon.com.tr\/wp-content\/uploads\/2018\/05\/6365215525af9310722fae2.18775149-shutterstock-627062903-952x667.png\" data-srcset=\"https:\/\/www.nefinovasyon.com.tr\/wp-content\/uploads\/2018\/05\/6365215525af9310722fae2.18775149-shutterstock-627062903-952x667.png 952w\" loading=\"eager\" sizes=\"(max-width: 952px) 100vw, 952px\" width=\"952\" height=\"667\"  data-dt-location=\"https:\/\/www.nefinovasyon.com.tr\/ru\/ultrason\/6365215525af9310722fae2-18775149-shutterstock-627062903\/\" style=\"--ratio: 952 \/ 667;\" alt=\"\" \/><\/div><\/div><\/div>[\/vc_column][\/vc_row]<\/p>\n<\/div>","protected":false},"excerpt":{"rendered":"<p>[vc_row type=&#187;vc_default&#187; content_placement=&#187;middle&#187; css=&#187;.vc_custom_1526452493790{padding-top: 0px !important;padding-bottom: 20px !important;}&#187; el_id=&#187;about&#187;][vc_column offset=&#187;vc_col-lg-6 vc_col-md-6&#8243; css=&#187;.vc_custom_1515424178786{padding-bottom: 50px !important;}&#187;][\/vc_column][vc_column width=&#187;2\/3&#8243; offset=&#187;vc_col-lg-offset-0 vc_col-lg-6 vc_col-md-offset-0 vc_col-md-6 vc_col-sm-offset-2&#8243; css=&#187;.vc_custom_1515424193637{padding-bottom: 50px !important;}&#187;][\/vc_column][\/vc_row]<\/p>\n","protected":false},"author":1,"featured_media":0,"parent":0,"menu_order":0,"comment_status":"closed","ping_status":"closed","template":"","meta":{"footnotes":""},"class_list":["post-1628","page","type-page","status-publish","hentry","description-off"],"yoast_head":"<!-- This site is optimized with the Yoast SEO plugin v27.4 - https:\/\/yoast.com\/product\/yoast-seo-wordpress\/ -->\n<title>\u0423\u043b\u044c\u0442\u0440\u0430\u0437\u0432\u0443\u043a - Nef \u0130novasyon | Gelece\u011fin Sa\u011fl\u0131k Teknolojileri<\/title>\n<meta name=\"robots\" content=\"index, follow, max-snippet:-1, max-image-preview:large, max-video-preview:-1\" \/>\n<link rel=\"canonical\" href=\"https:\/\/www.nefinovasyon.com.tr\/ultrason\/\" \/>\n<meta property=\"og:locale\" content=\"ru_RU\" \/>\n<meta property=\"og:type\" content=\"article\" \/>\n<meta property=\"og:title\" content=\"[:tr]Ultrason[:en]Ultrasound[:ru]\u0423\u043b\u044c\u0442\u0440\u0430\u0437\u0432\u0443\u043a[:] - Nef \u0130novasyon | Gelece\u011fin Sa\u011fl\u0131k Teknolojileri\" \/>\n<meta property=\"og:description\" content=\"[vc_row type=&#187;vc_default&#187; content_placement=&#187;middle&#187; css=&#187;.vc_custom_1526452493790{padding-top: 0px !important;padding-bottom: 20px !important;}&#187; el_id=&#187;about&#187;][vc_column offset=&#187;vc_col-lg-6 vc_col-md-6&#8243; css=&#187;.vc_custom_1515424178786{padding-bottom: 50px !important;}&#187;][\/vc_column][vc_column width=&#187;2\/3&#8243; offset=&#187;vc_col-lg-offset-0 vc_col-lg-6 vc_col-md-offset-0 vc_col-md-6 vc_col-sm-offset-2&#8243; css=&#187;.vc_custom_1515424193637{padding-bottom: 50px !important;}&#187;][\/vc_column][\/vc_row]\" \/>\n<meta property=\"og:url\" content=\"https:\/\/www.nefinovasyon.com.tr\/ultrason\/\" \/>\n<meta property=\"og:site_name\" content=\"Nef \u0130novasyon | Gelece\u011fin Sa\u011fl\u0131k Teknolojileri\" \/>\n<meta property=\"article:modified_time\" content=\"2018-05-30T08:54:34+00:00\" \/>\n<meta name=\"twitter:card\" content=\"summary_large_image\" \/>\n<meta name=\"twitter:label1\" content=\"\u041f\u0440\u0438\u043c\u0435\u0440\u043d\u043e\u0435 \u0432\u0440\u0435\u043c\u044f \u0434\u043b\u044f \u0447\u0442\u0435\u043d\u0438\u044f\" \/>\n\t<meta name=\"twitter:data1\" content=\"4 \u043c\u0438\u043d\u0443\u0442\u044b\" \/>\n<script type=\"application\/ld+json\" class=\"yoast-schema-graph\">{\"@context\":\"https:\\\/\\\/schema.org\",\"@graph\":[{\"@type\":\"WebPage\",\"@id\":\"https:\\\/\\\/www.nefinovasyon.com.tr\\\/ultrason\\\/\",\"url\":\"https:\\\/\\\/www.nefinovasyon.com.tr\\\/ultrason\\\/\",\"name\":\"[:tr]Ultrason[:en]Ultrasound[:ru]\u0423\u043b\u044c\u0442\u0440\u0430\u0437\u0432\u0443\u043a[:] - Nef \u0130novasyon | Gelece\u011fin Sa\u011fl\u0131k Teknolojileri\",\"isPartOf\":{\"@id\":\"https:\\\/\\\/www.nefinovasyon.com.tr\\\/#website\"},\"datePublished\":\"2018-05-14T09:33:33+00:00\",\"dateModified\":\"2018-05-30T08:54:34+00:00\",\"breadcrumb\":{\"@id\":\"https:\\\/\\\/www.nefinovasyon.com.tr\\\/ultrason\\\/#breadcrumb\"},\"inLanguage\":\"ru-RU\",\"potentialAction\":[{\"@type\":\"ReadAction\",\"target\":[\"https:\\\/\\\/www.nefinovasyon.com.tr\\\/ultrason\\\/\"]}]},{\"@type\":\"BreadcrumbList\",\"@id\":\"https:\\\/\\\/www.nefinovasyon.com.tr\\\/ultrason\\\/#breadcrumb\",\"itemListElement\":[{\"@type\":\"ListItem\",\"position\":1,\"name\":\"Anasayfa\",\"item\":\"https:\\\/\\\/www.nefinovasyon.com.tr\\\/\"},{\"@type\":\"ListItem\",\"position\":2,\"name\":\"Ultrason\"}]},{\"@type\":\"WebSite\",\"@id\":\"https:\\\/\\\/www.nefinovasyon.com.tr\\\/#website\",\"url\":\"https:\\\/\\\/www.nefinovasyon.com.tr\\\/\",\"name\":\"Nef \u0130novasyon | Gelece\u011fin Sa\u011fl\u0131k Teknolojileri\",\"description\":\"Emar Cihaz\u0131, Tomografi Cihaz\u0131,  Ultrason Cihaz\u0131, R\u00f6ntgen Cihaz\u0131, Menoraji Cihaz\u0131, Fizik Tedavi hizmetleri vermekteyiz. +90 212 594 77 51\",\"potentialAction\":[{\"@type\":\"SearchAction\",\"target\":{\"@type\":\"EntryPoint\",\"urlTemplate\":\"https:\\\/\\\/www.nefinovasyon.com.tr\\\/?s={search_term_string}\"},\"query-input\":{\"@type\":\"PropertyValueSpecification\",\"valueRequired\":true,\"valueName\":\"search_term_string\"}}],\"inLanguage\":\"ru-RU\"}]}<\/script>\n<!-- \/ Yoast SEO plugin. -->","yoast_head_json":{"title":"[:tr]Ultrason[:en]Ultrasound[:ru]\u0423\u043b\u044c\u0442\u0440\u0430\u0437\u0432\u0443\u043a[:] - Nef \u0130novasyon | Gelece\u011fin Sa\u011fl\u0131k Teknolojileri","robots":{"index":"index","follow":"follow","max-snippet":"max-snippet:-1","max-image-preview":"max-image-preview:large","max-video-preview":"max-video-preview:-1"},"canonical":"https:\/\/www.nefinovasyon.com.tr\/ultrason\/","og_locale":"ru_RU","og_type":"article","og_title":"[:tr]Ultrason[:en]Ultrasound[:ru]\u0423\u043b\u044c\u0442\u0440\u0430\u0437\u0432\u0443\u043a[:] - Nef \u0130novasyon | Gelece\u011fin Sa\u011fl\u0131k Teknolojileri","og_description":"[vc_row type=&#187;vc_default&#187; content_placement=&#187;middle&#187; css=&#187;.vc_custom_1526452493790{padding-top: 0px !important;padding-bottom: 20px !important;}&#187; el_id=&#187;about&#187;][vc_column offset=&#187;vc_col-lg-6 vc_col-md-6&#8243; css=&#187;.vc_custom_1515424178786{padding-bottom: 50px !important;}&#187;][\/vc_column][vc_column width=&#187;2\/3&#8243; offset=&#187;vc_col-lg-offset-0 vc_col-lg-6 vc_col-md-offset-0 vc_col-md-6 vc_col-sm-offset-2&#8243; css=&#187;.vc_custom_1515424193637{padding-bottom: 50px !important;}&#187;][\/vc_column][\/vc_row]","og_url":"https:\/\/www.nefinovasyon.com.tr\/ultrason\/","og_site_name":"Nef \u0130novasyon | Gelece\u011fin Sa\u011fl\u0131k Teknolojileri","article_modified_time":"2018-05-30T08:54:34+00:00","twitter_card":"summary_large_image","twitter_misc":{"\u041f\u0440\u0438\u043c\u0435\u0440\u043d\u043e\u0435 \u0432\u0440\u0435\u043c\u044f \u0434\u043b\u044f \u0447\u0442\u0435\u043d\u0438\u044f":"4 \u043c\u0438\u043d\u0443\u0442\u044b"},"schema":{"@context":"https:\/\/schema.org","@graph":[{"@type":"WebPage","@id":"https:\/\/www.nefinovasyon.com.tr\/ultrason\/","url":"https:\/\/www.nefinovasyon.com.tr\/ultrason\/","name":"[:tr]Ultrason[:en]Ultrasound[:ru]\u0423\u043b\u044c\u0442\u0440\u0430\u0437\u0432\u0443\u043a[:] - Nef \u0130novasyon | Gelece\u011fin Sa\u011fl\u0131k Teknolojileri","isPartOf":{"@id":"https:\/\/www.nefinovasyon.com.tr\/#website"},"datePublished":"2018-05-14T09:33:33+00:00","dateModified":"2018-05-30T08:54:34+00:00","breadcrumb":{"@id":"https:\/\/www.nefinovasyon.com.tr\/ultrason\/#breadcrumb"},"inLanguage":"ru-RU","potentialAction":[{"@type":"ReadAction","target":["https:\/\/www.nefinovasyon.com.tr\/ultrason\/"]}]},{"@type":"BreadcrumbList","@id":"https:\/\/www.nefinovasyon.com.tr\/ultrason\/#breadcrumb","itemListElement":[{"@type":"ListItem","position":1,"name":"Anasayfa","item":"https:\/\/www.nefinovasyon.com.tr\/"},{"@type":"ListItem","position":2,"name":"Ultrason"}]},{"@type":"WebSite","@id":"https:\/\/www.nefinovasyon.com.tr\/#website","url":"https:\/\/www.nefinovasyon.com.tr\/","name":"Nef \u0130novasyon | Gelece\u011fin Sa\u011fl\u0131k Teknolojileri","description":"Emar Cihaz\u0131, Tomografi Cihaz\u0131,  Ultrason Cihaz\u0131, R\u00f6ntgen Cihaz\u0131, Menoraji Cihaz\u0131, Fizik Tedavi hizmetleri vermekteyiz. +90 212 594 77 51","potentialAction":[{"@type":"SearchAction","target":{"@type":"EntryPoint","urlTemplate":"https:\/\/www.nefinovasyon.com.tr\/?s={search_term_string}"},"query-input":{"@type":"PropertyValueSpecification","valueRequired":true,"valueName":"search_term_string"}}],"inLanguage":"ru-RU"}]}},"_links":{"self":[{"href":"https:\/\/www.nefinovasyon.com.tr\/ru\/wp-json\/wp\/v2\/pages\/1628","targetHints":{"allow":["GET"]}}],"collection":[{"href":"https:\/\/www.nefinovasyon.com.tr\/ru\/wp-json\/wp\/v2\/pages"}],"about":[{"href":"https:\/\/www.nefinovasyon.com.tr\/ru\/wp-json\/wp\/v2\/types\/page"}],"author":[{"embeddable":true,"href":"https:\/\/www.nefinovasyon.com.tr\/ru\/wp-json\/wp\/v2\/users\/1"}],"replies":[{"embeddable":true,"href":"https:\/\/www.nefinovasyon.com.tr\/ru\/wp-json\/wp\/v2\/comments?post=1628"}],"version-history":[{"count":0,"href":"https:\/\/www.nefinovasyon.com.tr\/ru\/wp-json\/wp\/v2\/pages\/1628\/revisions"}],"wp:attachment":[{"href":"https:\/\/www.nefinovasyon.com.tr\/ru\/wp-json\/wp\/v2\/media?parent=1628"}],"curies":[{"name":"wp","href":"https:\/\/api.w.org\/{rel}","templated":true}]}}