{"id":1080,"date":"2017-12-06T11:42:00","date_gmt":"2017-12-06T11:42:00","guid":{"rendered":"https:\/\/the7.io\/dental\/?page_id=1080"},"modified":"2021-01-12T10:26:02","modified_gmt":"2021-01-12T07:26:02","slug":"iletisim","status":"publish","type":"page","link":"https:\/\/www.nefinovasyon.com.tr\/ru\/iletisim\/","title":{"rendered":"\u0441\u0432\u044f\u0437\u044c"},"content":{"rendered":"<div class=\"wpb-content-wrapper\"><p>[vc_row type=&#187;vc_default&#187; content_placement=&#187;top&#187; css=&#187;.vc_custom_1526373407009{padding-top: 40px !important;padding-bottom: 70px !important;}&#187;][vc_column width=&#187;1\/3&#8243; offset=&#187;vc_col-lg-4 vc_col-md-6&#8243;]<div class=\"aio-icon-component  vc_custom_1527598349032  accent-icon-bg accent-border-color style_1\"><div id=\"Info-box-wrap-9814\" class=\"aio-icon-box left-icon\" style=\"\"  ><div class=\"aio-icon-left\"><div class=\"ult-just-icon-wrapper  \"><div class=\"align-icon\" style=\"text-align:center;\">\n<div class=\"aio-icon advanced \"  style=\"color:#ffffff;border-style:;border-color:#333333;border-width:1px;width:50px;height:50px;line-height:50px;border-radius:500px;font-size:24px;display:inline-block;\">\n\t<i class=\"icomoon-font-awesome-14x14-map-marker\"><\/i>\n<\/div><\/div><\/div><\/div><div class=\"aio-ibd-block\"><div class=\"aio-icon-header\" ><h3 class=\"aio-icon-title ult-responsive\"  data-ultimate-target='#Info-box-wrap-9814 .aio-icon-title'  data-responsive-json-new='{\"font-size\":\"desktop:16px;\",\"line-height\":\"desktop:16px;\"}'  style=\"font-weight:bold;\">\u0430\u0434\u0440\u0435\u0441<\/h3><\/div> <!-- header --><div class=\"aio-icon-description ult-responsive\"  data-ultimate-target='#Info-box-wrap-9814 .aio-icon-description'  data-responsive-json-new='{\"font-size\":\"\",\"line-height\":\"\"}'  style=\"\"><\/p>\n<p class=\"aio-icon-title ult-responsive\" data-ultimate-target=\"#Info-box-wrap-9021 .aio-icon-title\" data-responsive-json-new=\"{&quot;font-size&quot;:&quot;desktop:20px;&quot;,&quot;line-height&quot;:&quot;desktop:30px;&quot;}\">Kartaltepe mah. Atak\u00f6y 7.8.9 K\u0131s\u0131m E5 Kenar\u0131 ROUTE \u0130STANBUL A Blok Daire:80 Bak\u0131rk\u00f6y \/ \u0130stanbul<\/p>\n<p><\/div> <!-- description --><\/div> <!-- aio-ibd-block --><\/div> <!-- aio-icon-box --><\/div> <!-- aio-icon-component -->[\/vc_column][vc_column width=&#187;1\/3&#8243; offset=&#187;vc_col-lg-offset-0 vc_col-lg-4 vc_col-md-6&#8243;]<div class=\"aio-icon-component  vc_custom_1527598363567  accent-icon-bg accent-border-color style_1\"><div id=\"Info-box-wrap-3158\" class=\"aio-icon-box left-icon\" style=\"\"  ><div class=\"aio-icon-left\"><div class=\"ult-just-icon-wrapper  \"><div class=\"align-icon\" style=\"text-align:center;\">\n<div class=\"aio-icon advanced \"  style=\"color:#ffffff;border-style:;border-color:#333333;border-width:1px;width:50px;height:50px;line-height:50px;border-radius:500px;font-size:24px;display:inline-block;\">\n\t<i class=\"icomoon-font-awesome-14x14-phone\"><\/i>\n<\/div><\/div><\/div><\/div><div class=\"aio-ibd-block\"><div class=\"aio-icon-header\" ><h3 class=\"aio-icon-title ult-responsive\"  data-ultimate-target='#Info-box-wrap-3158 .aio-icon-title'  data-responsive-json-new='{\"font-size\":\"desktop:16px;\",\"line-height\":\"desktop:16px;\"}'  style=\"font-weight:bold;\">\u041d\u043e\u043c\u0435\u0440 \u0442\u0435\u043b\u0435\u0444\u043e\u043d\u0430<\/h3><\/div> <!-- header --><div class=\"aio-icon-description ult-responsive\"  data-ultimate-target='#Info-box-wrap-3158 .aio-icon-description'  data-responsive-json-new='{\"font-size\":\"\",\"line-height\":\"\"}'  style=\"\"><\/p>\n<p class=\"aio-icon-title ult-responsive\" data-ultimate-target=\"#Info-box-wrap-3779 .aio-icon-title\" data-responsive-json-new=\"{&quot;font-size&quot;:&quot;desktop:20px;&quot;,&quot;line-height&quot;:&quot;desktop:30px;&quot;}\">+90 212 594 77 51<\/p>\n<p><\/div> <!-- description --><\/div> <!-- aio-ibd-block --><\/div> <!-- aio-icon-box --><\/div> <!-- aio-icon-component -->[\/vc_column][vc_column width=&#187;1\/3&#8243;]<div class=\"aio-icon-component  vc_custom_1527598392156  accent-icon-bg accent-border-color style_1\"><div id=\"Info-box-wrap-4755\" class=\"aio-icon-box left-icon\" style=\"\"  ><div class=\"aio-icon-left\"><div class=\"ult-just-icon-wrapper  \"><div class=\"align-icon\" style=\"text-align:center;\">\n<div class=\"aio-icon advanced \"  style=\"color:#ffffff;border-style:;border-color:#333333;border-width:1px;width:50px;height:50px;line-height:50px;border-radius:500px;font-size:24px;display:inline-block;\">\n\t<i class=\"icomoon-font-awesome-14x14-envelope\"><\/i>\n<\/div><\/div><\/div><\/div><div class=\"aio-ibd-block\"><div class=\"aio-icon-header\" ><h3 class=\"aio-icon-title ult-responsive\"  data-ultimate-target='#Info-box-wrap-4755 .aio-icon-title'  data-responsive-json-new='{\"font-size\":\"desktop:16px;\",\"line-height\":\"desktop:16px;\"}'  style=\"\">\u0410\u0434\u0440\u0435\u0441 \u044d\u043b\u0435\u043a\u0442\u0440\u043e\u043d\u043d\u043e\u0439 \u043f\u043e\u0447\u0442\u044b<\/h3><\/div> <!-- header --><div class=\"aio-icon-description ult-responsive\"  data-ultimate-target='#Info-box-wrap-4755 .aio-icon-description'  data-responsive-json-new='{\"font-size\":\"\",\"line-height\":\"\"}'  style=\"\">info@nefinovasyon.com.tr<\/div> <!-- description --><\/div> <!-- aio-ibd-block --><\/div> <!-- aio-icon-box --><\/div> <!-- aio-icon-component -->[\/vc_column][\/vc_row][vc_row type=&#187;vc_default&#187; equal_height=&#187;yes&#187; el_id=&#187;menu_section&#187; css=&#187;.vc_custom_1515175073570{padding-bottom: 40px !important;}&#187;][vc_column css=&#187;.vc_custom_1515175022452{margin-right: 25px !important;margin-bottom: 50px !important;margin-left: 25px !important;padding-top: 45px !important;padding-right: 50px !important;padding-bottom: 40px !important;padding-left: 50px !important;background-color: #f7f7f7 !important;}&#187; offset=&#187;vc_col-lg-6 vc_col-md-6&#8243;]<div id=\"ultimate-heading-798669e7392da0e0e\" class=\"uvc-heading ult-adjust-bottom-margin ultimate-heading-798669e7392da0e0e uvc-4098 \" data-hspacer=\"line_with_icon\" data-hline_width=\"150\" data-hicon_type=\"selector\" data-hborder_style=\"solid\" data-hborder_height=\"3\" data-hborder_color=\"#3db3ef\" data-icon_width=\"18\" data-hfixer=\"10\"  data-halign=\"center\" style=\"text-align:center\"><div class=\"uvc-main-heading ult-responsive\"  data-ultimate-target='.uvc-heading.ultimate-heading-798669e7392da0e0e h2'  data-responsive-json-new='{\"font-size\":\"desktop:30px;\",\"line-height\":\"desktop:40px;\"}' ><h2 style=\"font-weight:bold;\">\u0441\u0432\u044f\u0437\u044c<\/h2><\/div><div class=\"uvc-heading-spacer line_with_icon\" style=\"margin-bottom:40px;height:18px;\"><div class=\"ult-just-icon-wrapper  \"><div class=\"align-icon\" style=\"text-align:center;\">\n<div class=\"aio-icon none \"  style=\"color:#3db3ef;font-size:18px;display:inline-block;\">\n\t<i class=\"icomoon-font-awesome-14x14-chevron-down\"><\/i>\n<\/div><\/div><\/div><\/div><\/div><form class=\"dt-contact-form dt-form\" method=\"post\"><input type=\"hidden\" name=\"widget_id\" value=\"presscore-contact-form-widget--1\" \/><input type=\"hidden\" name=\"send_message\" value=\"\" \/><input type=\"hidden\" name=\"security_token\" value=\"fa3ac51760ad3d1ac479\"\/><div class=\"form-fields\"><span class=\"form-name\"><label class=\"assistive-text\">\u0418\u043c\u044f *<\/label><input type=\"text\" class=\"validate[required]\" placeholder=\"\u0418\u043c\u044f *\" name=\"name\" value=\"\" aria-required=\"true\">\n<\/span><span class=\"form-mail\"><label class=\"assistive-text\">\u0412\u0430\u0448\u0430 \u043f\u043e\u0447\u0442\u0430 *<\/label><input type=\"text\" class=\"validate[required,custom[email]]\" placeholder=\"\u0412\u0430\u0448\u0430 \u043f\u043e\u0447\u0442\u0430 *\" name=\"email\" value=\"\" aria-required=\"true\">\n<\/span><span class=\"form-telephone\"><label class=\"assistive-text\">\u0422\u0435\u043b\u0435\u0444\u043e\u043d<\/label><input type=\"text\" placeholder=\"\u0422\u0435\u043b\u0435\u0444\u043e\u043d\" name=\"telephone\" value=\"\" aria-required=\"false\">\n<\/span><\/div><span class=\"form-message\"><label class=\"assistive-text\">\u0421\u043e\u043e\u0431\u0449\u0435\u043d\u0438\u0435<\/label><textarea placeholder=\"\u0421\u043e\u043e\u0431\u0449\u0435\u043d\u0438\u0435\" name=\"message\" rows=\"7\" aria-required=\"false\"><\/textarea>\n<\/span><p><a href=\"#\" class=\"dt-btn dt-btn-m dt-btn-submit\" rel=\"nofollow\"><span>Mesaj G\u00f6nder<\/span><\/a><input class=\"assistive-text\" type=\"submit\" value=\"\u043e\u0442\u043f\u0440\u0430\u0432\u0438\u0442\u044c\"><\/p><\/form>\n[\/vc_column][vc_column css=&#187;.vc_custom_1515175005736{margin-right: 25px !important;margin-bottom: 50px !important;margin-left: 25px !important;padding-top: 45px !important;padding-right: 50px !important;padding-bottom: 45px !important;padding-left: 50px !important;background-color: #f7f7f7 !important;}&#187; offset=&#187;vc_col-lg-offset-0 vc_col-lg-6 vc_col-md-offset-0 vc_col-md-6 vc_col-sm-offset-0&#8243;]<div id=\"ultimate-heading-265169e7392da110e\" class=\"uvc-heading ult-adjust-bottom-margin ultimate-heading-265169e7392da110e uvc-6121 \" data-hspacer=\"line_with_icon\" data-hline_width=\"150\" data-hicon_type=\"selector\" data-hborder_style=\"solid\" data-hborder_height=\"3\" data-hborder_color=\"#3db3ef\" data-icon_width=\"18\" data-hfixer=\"10\"  data-halign=\"center\" style=\"text-align:center\"><div class=\"uvc-main-heading ult-responsive\"  data-ultimate-target='.uvc-heading.ultimate-heading-265169e7392da110e h2'  data-responsive-json-new='{\"font-size\":\"desktop:30px;\",\"line-height\":\"desktop:40px;\"}' ><h2 style=\"font-weight:bold;\">Konum<\/h2><\/div><div class=\"uvc-heading-spacer line_with_icon\" style=\"margin-bottom:40px;height:18px;\"><div class=\"ult-just-icon-wrapper  \"><div class=\"align-icon\" style=\"text-align:center;\">\n<div class=\"aio-icon none \"  style=\"color:#3db3ef;font-size:18px;display:inline-block;\">\n\t<i class=\"icomoon-font-awesome-14x14-chevron-down\"><\/i>\n<\/div><\/div><\/div><\/div><\/div><div id='wrap_map_69e7392da11ec' class='ultimate-map-wrapper ult-adjust-bottom-margin ' style='margin-bottom30pxpadding0px height:300px;'><div id='map_69e7392da11ec' data-map_override='0' class='ultimate_google_map wpb_content_element ' style='width:px;height:300px;'><\/div><\/div><script type='text\/javascript'>\n\t\t\t(function($) {\n  \t\t\t'use strict';\n\t\t\tvar map_map_69e7392da11ec = null;\n\t\t\tvar coordinate_map_69e7392da11ec;\n\t\t\tvar isDraggable = $(document).width() > 641 ? 'true' : 'true';\n\t\t\ttry\n\t\t\t{\n\t\t\t\tvar map_map_69e7392da11ec = null;\n\t\t\t\tvar coordinate_map_69e7392da11ec;\n\t\t\t\tcoordinate_map_69e7392da11ec = new google.maps.LatLng(41.04661, 28.81031);\n\t\t\t\tvar mapOptions=\n\t\t\t\t{\n\t\t\t\t\tzoom: 15,\n\t\t\t\t\tcenter: coordinate_map_69e7392da11ec,\n\t\t\t\t\tscaleControl: true,\n\t\t\t\t\tstreetViewControl: false,\n\t\t\t\t\tmapTypeControl: false,\n\t\t\t\t\tpanControl: false,\n\t\t\t\t\tzoomControl: false,\n\t\t\t\t\tscrollwheel: false,\n\t\t\t\t\tdraggable: isDraggable,\n\t\t\t\t\tzoomControlOptions: {\n\t\t\t\t\t\tposition: google.maps.ControlPosition.right_bottom\n\t\t\t\t\t},mapTypeId: google.maps.MapTypeId.roadmap,};var map_map_69e7392da11ec = new google.maps.Map(document.getElementById('map_69e7392da11ec'),mapOptions);\n\t\t\t\t\t\tvar x = 'infowindow_open_value';\n\t\t\t\t\t\tvar marker_map_69e7392da11ec = new google.maps.Marker({\n\t\t\t\t\t\tposition: new google.maps.LatLng('41.04661', '28.81031'),\n\t\t\t\t\t\tanimation:  google.maps.Animation.DROP,\n\t\t\t\t\t\tmap: map_map_69e7392da11ec,\n\t\t\t\t\t\ticon: 'https:\/\/www.nefinovasyon.com.tr\/wp-content\/uploads\/2018\/05\/d-map-sigh.png'\n\t\t\t\t\t});\tgoogle.maps.event.addListener(marker_map_69e7392da11ec, 'click', toggleBounce);var infowindow = new google.maps.InfoWindow();\n\t\t\t\t\t\t\tinfowindow.setContent('<div class=\"map_info_text\" style=\\'color:#000;\\'><\/p> <h3 class=\"aio-icon-title ult-responsive\" data-ultimate-target=\"#Info-box-wrap-9021 .aio-icon-title\" data-responsive-json-new=\"{&quot;font-size&quot;:&quot;desktop:20px;&quot;,&quot;line-height&quot;:&quot;desktop:30px;&quot;}\">Mahmutbey Mah. Ta\u015foca\u011f\u0131 Yolu Cad. A\u011fao\u011flu 212 My Office No:3 K:19 D:310, Ba\u011fc\u0131lar\/\u0130stanbul<\/h3> <p><\/div>');google.maps.event.addListener(marker_map_69e7392da11ec, 'click', function() {\n\t\t\t\t\t\t\t\tinfowindow.open(map_map_69e7392da11ec,marker_map_69e7392da11ec);\n\t\t\t\t\t\t  \t});}\n\t\t\tcatch(e){};\n\t\t\tjQuery(document).ready(function($){\n\t\t\t\tgoogle.maps.event.trigger(map_map_69e7392da11ec, 'resize');\n\t\t\t\t$(window).on('resize', function(){\n\t\t\t\t\tgoogle.maps.event.trigger(map_map_69e7392da11ec, 'resize');\n\t\t\t\t\tif(map_map_69e7392da11ec!=null)\n\t\t\t\t\t\tmap_map_69e7392da11ec.setCenter(coordinate_map_69e7392da11ec);\n\t\t\t\t});\n\t\t\t\t$('.ui-tabs').on('tabsactivate', function(event, ui) {\n\t\t\t\t   if($(this).find('.ultimate-map-wrapper').length > 0)\n\t\t\t\t\t{\n\t\t\t\t\t\tsetTimeout(function(){\n\t\t\t\t\t\t\t$(window).trigger('resize');\n\t\t\t\t\t\t},200);\n\t\t\t\t\t}\n\t\t\t\t});\n\t\t\t\t$('.ui-accordion').on('accordionactivate', function(event, ui) {\n\t\t\t\t   if($(this).find('.ultimate-map-wrapper').length > 0)\n\t\t\t\t\t{\n\t\t\t\t\t\tsetTimeout(function(){\n\t\t\t\t\t\t\t$(window).trigger('resize');\n\t\t\t\t\t\t},200);\n\t\t\t\t\t}\n\t\t\t\t});\n\t\t\t\t$(window).on('load',function(){\n\t\t\t\t\tsetTimeout(function(){\n\t\t\t\t\t\t$(window).trigger('resize');\n\t\t\t\t\t},200);\n\t\t\t\t});\n\t\t\t\t$('.ult_exp_section').on('select', function(){\n\t\t\t\t\tif($(map_map_69e7392da11ec).parents('.ult_exp_section'))\n\t\t\t\t\t{\n\t\t\t\t\t\tsetTimeout(function(){\n\t\t\t\t\t\t\t$(window).trigger('resize');\n\t\t\t\t\t\t},200);\n\t\t\t\t\t}\n\t\t\t\t});\n\t\t\t\t$(document).on('onUVCModalPopupOpen', function(){\n\t\t\t\t\tif($(map_map_69e7392da11ec).parents('.ult_modal-content'))\n\t\t\t\t\t{\n\t\t\t\t\t\tsetTimeout(function(){\n\t\t\t\t\t\t\t$(window).trigger('resize');\n\t\t\t\t\t\t},200);\n\t\t\t\t\t}\n\t\t\t\t});\n\t\t\t\t$(document).on('click','.ult_tab_li',function(){\n\t\t\t\t\t$(window).trigger('resize');\n\t\t\t\t\tsetTimeout(function(){\n\t\t\t\t\t\t$(window).trigger('resize');\n\t\t\t\t\t},200);\n\t\t\t\t});\n\t\t\t});\n\t\t\tfunction toggleBounce() {\n\t\t\t  if (marker_map_69e7392da11ec.getAnimation() != null) {\n\t\t\t\tmarker_map_69e7392da11ec.setAnimation(null);\n\t\t\t  } else {\n\t\t\t\tmarker_map_69e7392da11ec.setAnimation(google.maps.Animation.BOUNCE);\n\t\t\t  }\n\t\t\t}\n\t\t\t})(jQuery);\n\t\t\t<\/script>[vc_column_text]<\/p>\n<p class=\"aio-icon-title ult-responsive\" data-ultimate-target=\"#Info-box-wrap-9021 .aio-icon-title\" data-responsive-json-new=\"{&quot;font-size&quot;:&quot;desktop:20px;&quot;,&quot;line-height&quot;:&quot;desktop:30px;&quot;}\"><a href=\"https:\/\/www.google.com\/maps\/place\/%C3%9Cz%C3%BCmnet+Kurumsal+Hizmetler+%C4%B0stanbul+Bas%C4%B1nexpress+Ofisi\/@41.0464719,28.8092863,17z\/data=!4m8!1m2!2m1!1zTWFobXV0YmV5IE1haC4gVGHFn29jYcSfxLEgWW9sdSBDYWQuIEHEn2FvxJ9sdSAyMTIgTXkgT2ZmaWNlIE5vOjMgSzoxOSBEOjMxMCwgQmHEn2PEsWxhci_EsHN0YW5idWw!3m4!1s0x0:0x954c67fae34dd628!8m2!3d41.046811!4d28.8103373?hl=tr-TR\">Mahmutbey Mah. Ta\u015foca\u011f\u0131 Yolu Cad. A\u011fao\u011flu 212 My Office No:3 K:19 D:310, Ba\u011fc\u0131lar\/\u0130stanbul<\/a><\/p>\n<p>[\/vc_column_text][\/vc_column][\/vc_row]<\/p>\n<\/div>","protected":false},"excerpt":{"rendered":"<p>[vc_row type=&#187;vc_default&#187; content_placement=&#187;top&#187; css=&#187;.vc_custom_1526373407009{padding-top: 40px !important;padding-bottom: 70px !important;}&#187;][vc_column width=&#187;1\/3&#8243; offset=&#187;vc_col-lg-4 vc_col-md-6&#8243;][\/vc_column][vc_column width=&#187;1\/3&#8243; offset=&#187;vc_col-lg-offset-0 vc_col-lg-4 vc_col-md-6&#8243;][\/vc_column][vc_column width=&#187;1\/3&#8243;][\/vc_column][\/vc_row][vc_row type=&#187;vc_default&#187; equal_height=&#187;yes&#187; el_id=&#187;menu_section&#187; css=&#187;.vc_custom_1515175073570{padding-bottom: 40px !important;}&#187;][vc_column css=&#187;.vc_custom_1515175022452{margin-right: 25px !important;margin-bottom: 50px !important;margin-left: 25px !important;padding-top: 45px !important;padding-right: 50px !important;padding-bottom: 40px !important;padding-left: 50px !important;background-color: #f7f7f7 !important;}&#187; offset=&#187;vc_col-lg-6 vc_col-md-6&#8243;][\/vc_column][vc_column css=&#187;.vc_custom_1515175005736{margin-right: 25px !important;margin-bottom: 50px !important;margin-left: 25px !important;padding-top: 45px !important;padding-right: 50px !important;padding-bottom: 45px !important;padding-left: 50px&hellip;<\/p>\n","protected":false},"author":1,"featured_media":0,"parent":0,"menu_order":70,"comment_status":"closed","ping_status":"closed","template":"","meta":{"footnotes":""},"class_list":["post-1080","page","type-page","status-publish","hentry","description-off"],"yoast_head":"<!-- This site is optimized with the Yoast SEO plugin v27.4 - https:\/\/yoast.com\/product\/yoast-seo-wordpress\/ -->\n<title>\u0441\u0432\u044f\u0437\u044c - Nef \u0130novasyon | Gelece\u011fin Sa\u011fl\u0131k Teknolojileri<\/title>\n<meta name=\"robots\" content=\"index, follow, max-snippet:-1, max-image-preview:large, max-video-preview:-1\" \/>\n<link rel=\"canonical\" href=\"https:\/\/www.nefinovasyon.com.tr\/iletisim\/\" \/>\n<meta property=\"og:locale\" content=\"ru_RU\" \/>\n<meta property=\"og:type\" content=\"article\" \/>\n<meta property=\"og:title\" content=\"[:tr]\u0130leti\u015fim[:en]Contact[:ru]\u0441\u0432\u044f\u0437\u044c[:] - Nef \u0130novasyon | Gelece\u011fin Sa\u011fl\u0131k Teknolojileri\" \/>\n<meta property=\"og:description\" content=\"[vc_row type=&#187;vc_default&#187; content_placement=&#187;top&#187; css=&#187;.vc_custom_1526373407009{padding-top: 40px !important;padding-bottom: 70px !important;}&#187;][vc_column width=&#187;1\/3&#8243; offset=&#187;vc_col-lg-4 vc_col-md-6&#8243;][\/vc_column][vc_column width=&#187;1\/3&#8243; offset=&#187;vc_col-lg-offset-0 vc_col-lg-4 vc_col-md-6&#8243;][\/vc_column][vc_column width=&#187;1\/3&#8243;][\/vc_column][\/vc_row][vc_row type=&#187;vc_default&#187; equal_height=&#187;yes&#187; el_id=&#187;menu_section&#187; css=&#187;.vc_custom_1515175073570{padding-bottom: 40px !important;}&#187;][vc_column css=&#187;.vc_custom_1515175022452{margin-right: 25px !important;margin-bottom: 50px !important;margin-left: 25px !important;padding-top: 45px !important;padding-right: 50px !important;padding-bottom: 40px !important;padding-left: 50px !important;background-color: #f7f7f7 !important;}&#187; offset=&#187;vc_col-lg-6 vc_col-md-6&#8243;][\/vc_column][vc_column css=&#187;.vc_custom_1515175005736{margin-right: 25px !important;margin-bottom: 50px !important;margin-left: 25px !important;padding-top: 45px !important;padding-right: 50px !important;padding-bottom: 45px !important;padding-left: 50px&hellip;\" \/>\n<meta property=\"og:url\" content=\"https:\/\/www.nefinovasyon.com.tr\/iletisim\/\" \/>\n<meta property=\"og:site_name\" content=\"Nef \u0130novasyon | Gelece\u011fin Sa\u011fl\u0131k Teknolojileri\" \/>\n<meta property=\"article:modified_time\" content=\"2021-01-12T07:26:02+00:00\" \/>\n<meta name=\"twitter:card\" content=\"summary_large_image\" \/>\n<meta name=\"twitter:label1\" content=\"\u041f\u0440\u0438\u043c\u0435\u0440\u043d\u043e\u0435 \u0432\u0440\u0435\u043c\u044f \u0434\u043b\u044f \u0447\u0442\u0435\u043d\u0438\u044f\" \/>\n\t<meta name=\"twitter:data1\" content=\"8 \u043c\u0438\u043d\u0443\u0442\" \/>\n<script type=\"application\/ld+json\" class=\"yoast-schema-graph\">{\"@context\":\"https:\\\/\\\/schema.org\",\"@graph\":[{\"@type\":\"WebPage\",\"@id\":\"https:\\\/\\\/www.nefinovasyon.com.tr\\\/iletisim\\\/\",\"url\":\"https:\\\/\\\/www.nefinovasyon.com.tr\\\/iletisim\\\/\",\"name\":\"[:tr]\u0130leti\u015fim[:en]Contact[:ru]\u0441\u0432\u044f\u0437\u044c[:] - Nef \u0130novasyon | Gelece\u011fin Sa\u011fl\u0131k Teknolojileri\",\"isPartOf\":{\"@id\":\"https:\\\/\\\/www.nefinovasyon.com.tr\\\/#website\"},\"datePublished\":\"2017-12-06T11:42:00+00:00\",\"dateModified\":\"2021-01-12T07:26:02+00:00\",\"breadcrumb\":{\"@id\":\"https:\\\/\\\/www.nefinovasyon.com.tr\\\/iletisim\\\/#breadcrumb\"},\"inLanguage\":\"ru-RU\",\"potentialAction\":[{\"@type\":\"ReadAction\",\"target\":[\"https:\\\/\\\/www.nefinovasyon.com.tr\\\/iletisim\\\/\"]}]},{\"@type\":\"BreadcrumbList\",\"@id\":\"https:\\\/\\\/www.nefinovasyon.com.tr\\\/iletisim\\\/#breadcrumb\",\"itemListElement\":[{\"@type\":\"ListItem\",\"position\":1,\"name\":\"Anasayfa\",\"item\":\"https:\\\/\\\/www.nefinovasyon.com.tr\\\/\"},{\"@type\":\"ListItem\",\"position\":2,\"name\":\"\u0130leti\u015fim\"}]},{\"@type\":\"WebSite\",\"@id\":\"https:\\\/\\\/www.nefinovasyon.com.tr\\\/#website\",\"url\":\"https:\\\/\\\/www.nefinovasyon.com.tr\\\/\",\"name\":\"Nef \u0130novasyon | Gelece\u011fin Sa\u011fl\u0131k Teknolojileri\",\"description\":\"Emar Cihaz\u0131, Tomografi Cihaz\u0131,  Ultrason Cihaz\u0131, R\u00f6ntgen Cihaz\u0131, Menoraji Cihaz\u0131, Fizik Tedavi hizmetleri vermekteyiz. +90 212 594 77 51\",\"potentialAction\":[{\"@type\":\"SearchAction\",\"target\":{\"@type\":\"EntryPoint\",\"urlTemplate\":\"https:\\\/\\\/www.nefinovasyon.com.tr\\\/?s={search_term_string}\"},\"query-input\":{\"@type\":\"PropertyValueSpecification\",\"valueRequired\":true,\"valueName\":\"search_term_string\"}}],\"inLanguage\":\"ru-RU\"}]}<\/script>\n<!-- \/ Yoast SEO plugin. -->","yoast_head_json":{"title":"[:tr]\u0130leti\u015fim[:en]Contact[:ru]\u0441\u0432\u044f\u0437\u044c[:] - Nef \u0130novasyon | Gelece\u011fin Sa\u011fl\u0131k Teknolojileri","robots":{"index":"index","follow":"follow","max-snippet":"max-snippet:-1","max-image-preview":"max-image-preview:large","max-video-preview":"max-video-preview:-1"},"canonical":"https:\/\/www.nefinovasyon.com.tr\/iletisim\/","og_locale":"ru_RU","og_type":"article","og_title":"[:tr]\u0130leti\u015fim[:en]Contact[:ru]\u0441\u0432\u044f\u0437\u044c[:] - Nef \u0130novasyon | Gelece\u011fin Sa\u011fl\u0131k Teknolojileri","og_description":"[vc_row type=&#187;vc_default&#187; content_placement=&#187;top&#187; css=&#187;.vc_custom_1526373407009{padding-top: 40px !important;padding-bottom: 70px !important;}&#187;][vc_column width=&#187;1\/3&#8243; offset=&#187;vc_col-lg-4 vc_col-md-6&#8243;][\/vc_column][vc_column width=&#187;1\/3&#8243; offset=&#187;vc_col-lg-offset-0 vc_col-lg-4 vc_col-md-6&#8243;][\/vc_column][vc_column width=&#187;1\/3&#8243;][\/vc_column][\/vc_row][vc_row type=&#187;vc_default&#187; equal_height=&#187;yes&#187; el_id=&#187;menu_section&#187; css=&#187;.vc_custom_1515175073570{padding-bottom: 40px !important;}&#187;][vc_column css=&#187;.vc_custom_1515175022452{margin-right: 25px !important;margin-bottom: 50px !important;margin-left: 25px !important;padding-top: 45px !important;padding-right: 50px !important;padding-bottom: 40px !important;padding-left: 50px !important;background-color: #f7f7f7 !important;}&#187; offset=&#187;vc_col-lg-6 vc_col-md-6&#8243;][\/vc_column][vc_column css=&#187;.vc_custom_1515175005736{margin-right: 25px !important;margin-bottom: 50px !important;margin-left: 25px !important;padding-top: 45px !important;padding-right: 50px !important;padding-bottom: 45px !important;padding-left: 50px&hellip;","og_url":"https:\/\/www.nefinovasyon.com.tr\/iletisim\/","og_site_name":"Nef \u0130novasyon | Gelece\u011fin Sa\u011fl\u0131k Teknolojileri","article_modified_time":"2021-01-12T07:26:02+00:00","twitter_card":"summary_large_image","twitter_misc":{"\u041f\u0440\u0438\u043c\u0435\u0440\u043d\u043e\u0435 \u0432\u0440\u0435\u043c\u044f \u0434\u043b\u044f \u0447\u0442\u0435\u043d\u0438\u044f":"8 \u043c\u0438\u043d\u0443\u0442"},"schema":{"@context":"https:\/\/schema.org","@graph":[{"@type":"WebPage","@id":"https:\/\/www.nefinovasyon.com.tr\/iletisim\/","url":"https:\/\/www.nefinovasyon.com.tr\/iletisim\/","name":"[:tr]\u0130leti\u015fim[:en]Contact[:ru]\u0441\u0432\u044f\u0437\u044c[:] - Nef \u0130novasyon | Gelece\u011fin Sa\u011fl\u0131k Teknolojileri","isPartOf":{"@id":"https:\/\/www.nefinovasyon.com.tr\/#website"},"datePublished":"2017-12-06T11:42:00+00:00","dateModified":"2021-01-12T07:26:02+00:00","breadcrumb":{"@id":"https:\/\/www.nefinovasyon.com.tr\/iletisim\/#breadcrumb"},"inLanguage":"ru-RU","potentialAction":[{"@type":"ReadAction","target":["https:\/\/www.nefinovasyon.com.tr\/iletisim\/"]}]},{"@type":"BreadcrumbList","@id":"https:\/\/www.nefinovasyon.com.tr\/iletisim\/#breadcrumb","itemListElement":[{"@type":"ListItem","position":1,"name":"Anasayfa","item":"https:\/\/www.nefinovasyon.com.tr\/"},{"@type":"ListItem","position":2,"name":"\u0130leti\u015fim"}]},{"@type":"WebSite","@id":"https:\/\/www.nefinovasyon.com.tr\/#website","url":"https:\/\/www.nefinovasyon.com.tr\/","name":"Nef \u0130novasyon | Gelece\u011fin Sa\u011fl\u0131k Teknolojileri","description":"Emar Cihaz\u0131, Tomografi Cihaz\u0131,  Ultrason Cihaz\u0131, R\u00f6ntgen Cihaz\u0131, Menoraji Cihaz\u0131, Fizik Tedavi hizmetleri vermekteyiz. +90 212 594 77 51","potentialAction":[{"@type":"SearchAction","target":{"@type":"EntryPoint","urlTemplate":"https:\/\/www.nefinovasyon.com.tr\/?s={search_term_string}"},"query-input":{"@type":"PropertyValueSpecification","valueRequired":true,"valueName":"search_term_string"}}],"inLanguage":"ru-RU"}]}},"_links":{"self":[{"href":"https:\/\/www.nefinovasyon.com.tr\/ru\/wp-json\/wp\/v2\/pages\/1080","targetHints":{"allow":["GET"]}}],"collection":[{"href":"https:\/\/www.nefinovasyon.com.tr\/ru\/wp-json\/wp\/v2\/pages"}],"about":[{"href":"https:\/\/www.nefinovasyon.com.tr\/ru\/wp-json\/wp\/v2\/types\/page"}],"author":[{"embeddable":true,"href":"https:\/\/www.nefinovasyon.com.tr\/ru\/wp-json\/wp\/v2\/users\/1"}],"replies":[{"embeddable":true,"href":"https:\/\/www.nefinovasyon.com.tr\/ru\/wp-json\/wp\/v2\/comments?post=1080"}],"version-history":[{"count":0,"href":"https:\/\/www.nefinovasyon.com.tr\/ru\/wp-json\/wp\/v2\/pages\/1080\/revisions"}],"wp:attachment":[{"href":"https:\/\/www.nefinovasyon.com.tr\/ru\/wp-json\/wp\/v2\/media?parent=1080"}],"curies":[{"name":"wp","href":"https:\/\/api.w.org\/{rel}","templated":true}]}}