{"id":1787,"date":"2018-05-17T10:16:04","date_gmt":"2018-05-17T07:16:04","guid":{"rendered":"https:\/\/www.nefinovasyon.com.tr\/?page_id=1787"},"modified":"2018-05-30T12:39:33","modified_gmt":"2018-05-30T09:39:33","slug":"ortez-protez","status":"publish","type":"page","link":"https:\/\/www.nefinovasyon.com.tr\/en\/ortez-protez\/","title":{"rendered":"Orthotics &#8211; Prosthetics"},"content":{"rendered":"<div class=\"wpb-content-wrapper\"><p>[vc_row type=&#8221;vc_default&#8221; content_placement=&#8221;middle&#8221; css=&#8221;.vc_custom_1526452164804{padding-top: 0px !important;padding-bottom: 20px !important;}&#8221; el_id=&#8221;about&#8221;][vc_column offset=&#8221;vc_col-lg-6 vc_col-md-6&#8243; css=&#8221;.vc_custom_1515424178786{padding-bottom: 50px !important;}&#8221;]<div id=\"ultimate-heading-766869e23c622b3f4\" class=\"uvc-heading ult-adjust-bottom-margin ultimate-heading-766869e23c622b3f4 uvc-2079 \" data-hspacer=\"no_spacer\"  data-halign=\"left\" style=\"text-align:left\"><div class=\"uvc-heading-spacer no_spacer\" style=\"top\"><\/div><div class=\"uvc-main-heading ult-responsive\"  data-ultimate-target='.uvc-heading.ultimate-heading-766869e23c622b3f4 h2'  data-responsive-json-new='{\"font-size\":\"desktop:30px;\",\"line-height\":\"desktop:40px;\"}' ><h2 style=\"font-weight:bold;margin-bottom:20px;\">Orthotic Prosthesis<\/h2><\/div><div class=\"uvc-sub-heading ult-responsive\"  data-ultimate-target='.uvc-heading.ultimate-heading-766869e23c622b3f4 .uvc-sub-heading '  data-responsive-json-new='{\"font-size\":\"\",\"line-height\":\"desktop:26px;\"}'  style=\"font-weight:normal;margin-bottom:20px;\"><strong>What is Orthotics?<\/strong><\/p>\n<p>An orthosis is the general name of ancillary devices attached to the body in order to increase the performance of the limbs that have partially or totally lost function and make them more usable. For example, a person with hemiplegia is used to provide contractile muscles in paralyzed areas to work.<\/p>\n<p><strong>What is Prosthesis?<\/strong><\/p>\n<p>Prosthesis is the general name of devices made to mimic missing body parts. Injuries, tumor surgeries and similar organ damage are removed to protect the health of the rest of the body after the injury. Prostheses that mimic the function and shape of this organ are attached to the remaining body cavity using materials.<\/p>\n<div class=\"wpb_text_column wpb_content_element \">\n<div class=\"wpb_wrapper\">\n<div class=\"wpb_text_column wpb_content_element \">\n<div class=\"wpb_wrapper\">\n<p><img loading=\"lazy\" decoding=\"async\" class=\"alignnone size-full wp-image-1793\" src=\"https:\/\/www.nefinovasyon.com.tr\/wp-content\/uploads\/2018\/05\/tecnologias-revolucionando-pratica-medica-pais-subdesenvolvido.jpg\" alt=\"\" width=\"750\" height=\"329\" srcset=\"https:\/\/www.nefinovasyon.com.tr\/wp-content\/uploads\/2018\/05\/tecnologias-revolucionando-pratica-medica-pais-subdesenvolvido.jpg 750w, https:\/\/www.nefinovasyon.com.tr\/wp-content\/uploads\/2018\/05\/tecnologias-revolucionando-pratica-medica-pais-subdesenvolvido-300x132.jpg 300w\" sizes=\"auto, (max-width: 750px) 100vw, 750px\" \/><\/p>\n<\/div>\n<\/div>\n<\/div>\n<\/div>\n<p><\/div><\/div>[\/vc_column][vc_column width=&#8221;2\/3&#8243; offset=&#8221;vc_col-lg-offset-0 vc_col-lg-6 vc_col-md-offset-0 vc_col-md-6 vc_col-sm-offset-2&#8243; css=&#8221;.vc_custom_1515424193637{padding-bottom: 50px !important;}&#8221;]<style type=\"text\/css\" data-type=\"the7_shortcodes-inline-css\">.shortcode-single-image-wrap.shortcode-single-image-9d2f2c15d555e7fabc9f072ae04eaa8f.enable-bg-rollover .rollover i,\n.shortcode-single-image-wrap.shortcode-single-image-9d2f2c15d555e7fabc9f072ae04eaa8f.enable-bg-rollover .rollover-video i {\n  background: -webkit-linear-gradient();\n  background: linear-gradient();\n}\n.shortcode-single-image-wrap.shortcode-single-image-9d2f2c15d555e7fabc9f072ae04eaa8f .rollover-icon {\n  font-size: 32px;\n  color: #ffffff;\n  min-width: 44px;\n  min-height: 44px;\n  line-height: 44px;\n  border-radius: 100px;\n  border-style: solid;\n  border-width: 0px;\n}\n.dt-icon-bg-on.shortcode-single-image-wrap.shortcode-single-image-9d2f2c15d555e7fabc9f072ae04eaa8f .rollover-icon {\n  background: rgba(255,255,255,0.3);\n  box-shadow: none;\n}<\/style><div class=\"shortcode-single-image-wrap shortcode-single-image-9d2f2c15d555e7fabc9f072ae04eaa8f alignnone  enable-bg-rollover dt-icon-bg-off\" style=\"margin-top:0px; margin-bottom:0px; margin-left:0px; margin-right:0px; width:1000px;\"><div class=\"shortcode-single-image\"><div class=\"fancy-media-wrap  layzr-bg\" style=\"\"><img fetchpriority=\"high\" decoding=\"async\" class=\"preload-me lazy-load aspect\" src=\"data:image\/svg+xml,%3Csvg%20xmlns%3D&#39;http%3A%2F%2Fwww.w3.org%2F2000%2Fsvg&#39;%20viewBox%3D&#39;0%200%20951%20666&#39;%2F%3E\" data-src=\"https:\/\/www.nefinovasyon.com.tr\/wp-content\/uploads\/2018\/05\/45886ortez-protez-1jpg-951x666.jpg\" data-srcset=\"https:\/\/www.nefinovasyon.com.tr\/wp-content\/uploads\/2018\/05\/45886ortez-protez-1jpg-951x666.jpg 951w\" loading=\"eager\" sizes=\"(max-width: 951px) 100vw, 951px\" width=\"951\" height=\"666\"  data-dt-location=\"https:\/\/www.nefinovasyon.com.tr\/en\/ortez-protez\/45886ortez-protez-1jpg\/\" style=\"--ratio: 951 \/ 666;\" alt=\"\" \/><\/div><\/div><\/div><style type=\"text\/css\" data-type=\"the7_shortcodes-inline-css\">.shortcode-single-image-wrap.shortcode-single-image-776c3525a4e06a010d231ae2b9bf5b88.enable-bg-rollover .rollover i,\n.shortcode-single-image-wrap.shortcode-single-image-776c3525a4e06a010d231ae2b9bf5b88.enable-bg-rollover .rollover-video i {\n  background: -webkit-linear-gradient();\n  background: linear-gradient();\n}\n.shortcode-single-image-wrap.shortcode-single-image-776c3525a4e06a010d231ae2b9bf5b88 .rollover-icon {\n  font-size: 32px;\n  color: #ffffff;\n  min-width: 44px;\n  min-height: 44px;\n  line-height: 44px;\n  border-radius: 100px;\n  border-style: solid;\n  border-width: 0px;\n}\n.dt-icon-bg-on.shortcode-single-image-wrap.shortcode-single-image-776c3525a4e06a010d231ae2b9bf5b88 .rollover-icon {\n  background: rgba(255,255,255,0.3);\n  box-shadow: none;\n}<\/style><div class=\"shortcode-single-image-wrap shortcode-single-image-776c3525a4e06a010d231ae2b9bf5b88 alignnone  enable-bg-rollover dt-icon-bg-off\" style=\"margin-top:0px; margin-bottom:0px; margin-left:0px; margin-right:0px; width:1000px;\"><div class=\"shortcode-single-image\"><div class=\"fancy-media-wrap  layzr-bg\" style=\"\"><img decoding=\"async\" class=\"preload-me lazy-load aspect\" src=\"data:image\/svg+xml,%3Csvg%20xmlns%3D&#39;http%3A%2F%2Fwww.w3.org%2F2000%2Fsvg&#39;%20viewBox%3D&#39;0%200%20576%20403&#39;%2F%3E\" data-src=\"https:\/\/www.nefinovasyon.com.tr\/wp-content\/uploads\/2018\/05\/protez-576x453-576x403.jpg\" data-srcset=\"https:\/\/www.nefinovasyon.com.tr\/wp-content\/uploads\/2018\/05\/protez-576x453-576x403.jpg 576w\" loading=\"eager\" sizes=\"(max-width: 576px) 100vw, 576px\" width=\"576\" height=\"403\"  data-dt-location=\"https:\/\/www.nefinovasyon.com.tr\/en\/ortez-protez\/protez-576x453\/\" style=\"--ratio: 576 \/ 403;\" alt=\"\" \/><\/div><\/div><\/div>[\/vc_column][\/vc_row]<\/p>\n<\/div>","protected":false},"excerpt":{"rendered":"<p>[vc_row type=&#8221;vc_default&#8221; content_placement=&#8221;middle&#8221; css=&#8221;.vc_custom_1526452164804{padding-top: 0px !important;padding-bottom: 20px !important;}&#8221; el_id=&#8221;about&#8221;][vc_column offset=&#8221;vc_col-lg-6 vc_col-md-6&#8243; css=&#8221;.vc_custom_1515424178786{padding-bottom: 50px !important;}&#8221;][\/vc_column][vc_column width=&#8221;2\/3&#8243; offset=&#8221;vc_col-lg-offset-0 vc_col-lg-6 vc_col-md-offset-0 vc_col-md-6 vc_col-sm-offset-2&#8243; css=&#8221;.vc_custom_1515424193637{padding-bottom: 50px !important;}&#8221;][\/vc_column][\/vc_row]<\/p>\n","protected":false},"author":1,"featured_media":0,"parent":0,"menu_order":0,"comment_status":"closed","ping_status":"closed","template":"","meta":{"footnotes":""},"class_list":["post-1787","page","type-page","status-publish","hentry","description-off"],"yoast_head":"<!-- This site is optimized with the Yoast SEO plugin v27.4 - https:\/\/yoast.com\/product\/yoast-seo-wordpress\/ -->\n<title>Orthotics - Prosthetics - Nef \u0130novasyon | Gelece\u011fin Sa\u011fl\u0131k Teknolojileri<\/title>\n<meta name=\"robots\" content=\"index, follow, max-snippet:-1, max-image-preview:large, max-video-preview:-1\" \/>\n<link rel=\"canonical\" href=\"https:\/\/www.nefinovasyon.com.tr\/ortez-protez\/\" \/>\n<meta property=\"og:locale\" content=\"en_US\" \/>\n<meta property=\"og:type\" content=\"article\" \/>\n<meta property=\"og:title\" content=\"[:tr]Ortez - Protez[:en]Orthotics - Prosthetics[:ru]\u041e\u0440\u0442\u0435\u0437 - \u041f\u0440\u043e\u0442\u0435\u0437[:] - Nef \u0130novasyon | Gelece\u011fin Sa\u011fl\u0131k Teknolojileri\" \/>\n<meta property=\"og:description\" content=\"[vc_row type=&#8221;vc_default&#8221; content_placement=&#8221;middle&#8221; css=&#8221;.vc_custom_1526452164804{padding-top: 0px !important;padding-bottom: 20px !important;}&#8221; el_id=&#8221;about&#8221;][vc_column offset=&#8221;vc_col-lg-6 vc_col-md-6&#8243; css=&#8221;.vc_custom_1515424178786{padding-bottom: 50px !important;}&#8221;][\/vc_column][vc_column width=&#8221;2\/3&#8243; offset=&#8221;vc_col-lg-offset-0 vc_col-lg-6 vc_col-md-offset-0 vc_col-md-6 vc_col-sm-offset-2&#8243; css=&#8221;.vc_custom_1515424193637{padding-bottom: 50px !important;}&#8221;][\/vc_column][\/vc_row]\" \/>\n<meta property=\"og:url\" content=\"https:\/\/www.nefinovasyon.com.tr\/ortez-protez\/\" \/>\n<meta property=\"og:site_name\" content=\"Nef \u0130novasyon | Gelece\u011fin Sa\u011fl\u0131k Teknolojileri\" \/>\n<meta property=\"article:modified_time\" content=\"2018-05-30T09:39:33+00:00\" \/>\n<meta property=\"og:image\" content=\"https:\/\/www.nefinovasyon.com.tr\/wp-content\/uploads\/2018\/05\/tecnologias-revolucionando-pratica-medica-pais-subdesenvolvido.jpg\" \/>\n\t<meta property=\"og:image:width\" content=\"750\" \/>\n\t<meta property=\"og:image:height\" content=\"329\" \/>\n\t<meta property=\"og:image:type\" content=\"image\/jpeg\" \/>\n<meta name=\"twitter:card\" content=\"summary_large_image\" \/>\n<meta name=\"twitter:label1\" content=\"Est. reading time\" \/>\n\t<meta name=\"twitter:data1\" content=\"3 minutes\" \/>\n<script type=\"application\/ld+json\" class=\"yoast-schema-graph\">{\"@context\":\"https:\\\/\\\/schema.org\",\"@graph\":[{\"@type\":\"WebPage\",\"@id\":\"https:\\\/\\\/www.nefinovasyon.com.tr\\\/ortez-protez\\\/\",\"url\":\"https:\\\/\\\/www.nefinovasyon.com.tr\\\/ortez-protez\\\/\",\"name\":\"[:tr]Ortez - Protez[:en]Orthotics - Prosthetics[:ru]\u041e\u0440\u0442\u0435\u0437 - \u041f\u0440\u043e\u0442\u0435\u0437[:] - Nef \u0130novasyon | Gelece\u011fin Sa\u011fl\u0131k Teknolojileri\",\"isPartOf\":{\"@id\":\"https:\\\/\\\/www.nefinovasyon.com.tr\\\/#website\"},\"primaryImageOfPage\":{\"@id\":\"https:\\\/\\\/www.nefinovasyon.com.tr\\\/ortez-protez\\\/#primaryimage\"},\"image\":{\"@id\":\"https:\\\/\\\/www.nefinovasyon.com.tr\\\/ortez-protez\\\/#primaryimage\"},\"thumbnailUrl\":\"https:\\\/\\\/www.nefinovasyon.com.tr\\\/wp-content\\\/uploads\\\/2018\\\/05\\\/tecnologias-revolucionando-pratica-medica-pais-subdesenvolvido.jpg\",\"datePublished\":\"2018-05-17T07:16:04+00:00\",\"dateModified\":\"2018-05-30T09:39:33+00:00\",\"breadcrumb\":{\"@id\":\"https:\\\/\\\/www.nefinovasyon.com.tr\\\/ortez-protez\\\/#breadcrumb\"},\"inLanguage\":\"en-US\",\"potentialAction\":[{\"@type\":\"ReadAction\",\"target\":[\"https:\\\/\\\/www.nefinovasyon.com.tr\\\/ortez-protez\\\/\"]}]},{\"@type\":\"ImageObject\",\"inLanguage\":\"en-US\",\"@id\":\"https:\\\/\\\/www.nefinovasyon.com.tr\\\/ortez-protez\\\/#primaryimage\",\"url\":\"https:\\\/\\\/www.nefinovasyon.com.tr\\\/wp-content\\\/uploads\\\/2018\\\/05\\\/tecnologias-revolucionando-pratica-medica-pais-subdesenvolvido.jpg\",\"contentUrl\":\"https:\\\/\\\/www.nefinovasyon.com.tr\\\/wp-content\\\/uploads\\\/2018\\\/05\\\/tecnologias-revolucionando-pratica-medica-pais-subdesenvolvido.jpg\"},{\"@type\":\"BreadcrumbList\",\"@id\":\"https:\\\/\\\/www.nefinovasyon.com.tr\\\/ortez-protez\\\/#breadcrumb\",\"itemListElement\":[{\"@type\":\"ListItem\",\"position\":1,\"name\":\"Anasayfa\",\"item\":\"https:\\\/\\\/www.nefinovasyon.com.tr\\\/\"},{\"@type\":\"ListItem\",\"position\":2,\"name\":\"Ortez &#8211; Protez\"}]},{\"@type\":\"WebSite\",\"@id\":\"https:\\\/\\\/www.nefinovasyon.com.tr\\\/#website\",\"url\":\"https:\\\/\\\/www.nefinovasyon.com.tr\\\/\",\"name\":\"Nef \u0130novasyon | Gelece\u011fin Sa\u011fl\u0131k Teknolojileri\",\"description\":\"Emar Cihaz\u0131, Tomografi Cihaz\u0131,  Ultrason Cihaz\u0131, R\u00f6ntgen Cihaz\u0131, Menoraji Cihaz\u0131, Fizik Tedavi hizmetleri vermekteyiz. +90 212 594 77 51\",\"potentialAction\":[{\"@type\":\"SearchAction\",\"target\":{\"@type\":\"EntryPoint\",\"urlTemplate\":\"https:\\\/\\\/www.nefinovasyon.com.tr\\\/?s={search_term_string}\"},\"query-input\":{\"@type\":\"PropertyValueSpecification\",\"valueRequired\":true,\"valueName\":\"search_term_string\"}}],\"inLanguage\":\"en-US\"}]}<\/script>\n<!-- \/ Yoast SEO plugin. -->","yoast_head_json":{"title":"[:tr]Ortez - Protez[:en]Orthotics - Prosthetics[:ru]\u041e\u0440\u0442\u0435\u0437 - \u041f\u0440\u043e\u0442\u0435\u0437[:] - Nef \u0130novasyon | Gelece\u011fin Sa\u011fl\u0131k Teknolojileri","robots":{"index":"index","follow":"follow","max-snippet":"max-snippet:-1","max-image-preview":"max-image-preview:large","max-video-preview":"max-video-preview:-1"},"canonical":"https:\/\/www.nefinovasyon.com.tr\/ortez-protez\/","og_locale":"en_US","og_type":"article","og_title":"[:tr]Ortez - Protez[:en]Orthotics - Prosthetics[:ru]\u041e\u0440\u0442\u0435\u0437 - \u041f\u0440\u043e\u0442\u0435\u0437[:] - Nef \u0130novasyon | Gelece\u011fin Sa\u011fl\u0131k Teknolojileri","og_description":"[vc_row type=&#8221;vc_default&#8221; content_placement=&#8221;middle&#8221; css=&#8221;.vc_custom_1526452164804{padding-top: 0px !important;padding-bottom: 20px !important;}&#8221; el_id=&#8221;about&#8221;][vc_column offset=&#8221;vc_col-lg-6 vc_col-md-6&#8243; css=&#8221;.vc_custom_1515424178786{padding-bottom: 50px !important;}&#8221;][\/vc_column][vc_column width=&#8221;2\/3&#8243; offset=&#8221;vc_col-lg-offset-0 vc_col-lg-6 vc_col-md-offset-0 vc_col-md-6 vc_col-sm-offset-2&#8243; css=&#8221;.vc_custom_1515424193637{padding-bottom: 50px !important;}&#8221;][\/vc_column][\/vc_row]","og_url":"https:\/\/www.nefinovasyon.com.tr\/ortez-protez\/","og_site_name":"Nef \u0130novasyon | Gelece\u011fin Sa\u011fl\u0131k Teknolojileri","article_modified_time":"2018-05-30T09:39:33+00:00","og_image":[{"width":750,"height":329,"url":"https:\/\/www.nefinovasyon.com.tr\/wp-content\/uploads\/2018\/05\/tecnologias-revolucionando-pratica-medica-pais-subdesenvolvido.jpg","type":"image\/jpeg"}],"twitter_card":"summary_large_image","twitter_misc":{"Est. reading time":"3 minutes"},"schema":{"@context":"https:\/\/schema.org","@graph":[{"@type":"WebPage","@id":"https:\/\/www.nefinovasyon.com.tr\/ortez-protez\/","url":"https:\/\/www.nefinovasyon.com.tr\/ortez-protez\/","name":"[:tr]Ortez - Protez[:en]Orthotics - Prosthetics[:ru]\u041e\u0440\u0442\u0435\u0437 - \u041f\u0440\u043e\u0442\u0435\u0437[:] - Nef \u0130novasyon | Gelece\u011fin Sa\u011fl\u0131k Teknolojileri","isPartOf":{"@id":"https:\/\/www.nefinovasyon.com.tr\/#website"},"primaryImageOfPage":{"@id":"https:\/\/www.nefinovasyon.com.tr\/ortez-protez\/#primaryimage"},"image":{"@id":"https:\/\/www.nefinovasyon.com.tr\/ortez-protez\/#primaryimage"},"thumbnailUrl":"https:\/\/www.nefinovasyon.com.tr\/wp-content\/uploads\/2018\/05\/tecnologias-revolucionando-pratica-medica-pais-subdesenvolvido.jpg","datePublished":"2018-05-17T07:16:04+00:00","dateModified":"2018-05-30T09:39:33+00:00","breadcrumb":{"@id":"https:\/\/www.nefinovasyon.com.tr\/ortez-protez\/#breadcrumb"},"inLanguage":"en-US","potentialAction":[{"@type":"ReadAction","target":["https:\/\/www.nefinovasyon.com.tr\/ortez-protez\/"]}]},{"@type":"ImageObject","inLanguage":"en-US","@id":"https:\/\/www.nefinovasyon.com.tr\/ortez-protez\/#primaryimage","url":"https:\/\/www.nefinovasyon.com.tr\/wp-content\/uploads\/2018\/05\/tecnologias-revolucionando-pratica-medica-pais-subdesenvolvido.jpg","contentUrl":"https:\/\/www.nefinovasyon.com.tr\/wp-content\/uploads\/2018\/05\/tecnologias-revolucionando-pratica-medica-pais-subdesenvolvido.jpg"},{"@type":"BreadcrumbList","@id":"https:\/\/www.nefinovasyon.com.tr\/ortez-protez\/#breadcrumb","itemListElement":[{"@type":"ListItem","position":1,"name":"Anasayfa","item":"https:\/\/www.nefinovasyon.com.tr\/"},{"@type":"ListItem","position":2,"name":"Ortez &#8211; Protez"}]},{"@type":"WebSite","@id":"https:\/\/www.nefinovasyon.com.tr\/#website","url":"https:\/\/www.nefinovasyon.com.tr\/","name":"Nef \u0130novasyon | Gelece\u011fin Sa\u011fl\u0131k Teknolojileri","description":"Emar Cihaz\u0131, Tomografi Cihaz\u0131,  Ultrason Cihaz\u0131, R\u00f6ntgen Cihaz\u0131, Menoraji Cihaz\u0131, Fizik Tedavi hizmetleri vermekteyiz. +90 212 594 77 51","potentialAction":[{"@type":"SearchAction","target":{"@type":"EntryPoint","urlTemplate":"https:\/\/www.nefinovasyon.com.tr\/?s={search_term_string}"},"query-input":{"@type":"PropertyValueSpecification","valueRequired":true,"valueName":"search_term_string"}}],"inLanguage":"en-US"}]}},"_links":{"self":[{"href":"https:\/\/www.nefinovasyon.com.tr\/en\/wp-json\/wp\/v2\/pages\/1787","targetHints":{"allow":["GET"]}}],"collection":[{"href":"https:\/\/www.nefinovasyon.com.tr\/en\/wp-json\/wp\/v2\/pages"}],"about":[{"href":"https:\/\/www.nefinovasyon.com.tr\/en\/wp-json\/wp\/v2\/types\/page"}],"author":[{"embeddable":true,"href":"https:\/\/www.nefinovasyon.com.tr\/en\/wp-json\/wp\/v2\/users\/1"}],"replies":[{"embeddable":true,"href":"https:\/\/www.nefinovasyon.com.tr\/en\/wp-json\/wp\/v2\/comments?post=1787"}],"version-history":[{"count":0,"href":"https:\/\/www.nefinovasyon.com.tr\/en\/wp-json\/wp\/v2\/pages\/1787\/revisions"}],"wp:attachment":[{"href":"https:\/\/www.nefinovasyon.com.tr\/en\/wp-json\/wp\/v2\/media?parent=1787"}],"curies":[{"name":"wp","href":"https:\/\/api.w.org\/{rel}","templated":true}]}}