{"id":1659,"date":"2018-05-14T15:20:06","date_gmt":"2018-05-14T12:20:06","guid":{"rendered":"http:\/\/nefinovasyon.com.tr\/?page_id=1659"},"modified":"2018-06-01T17:08:21","modified_gmt":"2018-06-01T14:08:21","slug":"referanslarimiz","status":"publish","type":"page","link":"https:\/\/www.nefinovasyon.com.tr\/en\/referanslarimiz\/","title":{"rendered":"References"},"content":{"rendered":"<div class=\"wpb-content-wrapper\"><p>[vc_row type=&#8221;vc_default&#8221; css=&#8221;.vc_custom_1526452356451{padding-top: 0px !important;padding-bottom: 20px !important;}&#8221;][vc_column]<div id=\"ultimate-heading-324569f70367eb452\" class=\"uvc-heading ult-adjust-bottom-margin ultimate-heading-324569f70367eb452 uvc-9123 accent-border-color accent-icon-color uvc-heading-default-font-sizes\" data-hspacer=\"line_with_icon\" data-hline_width=\"150\" data-hicon_type=\"selector\" data-hborder_style=\"solid\" data-hborder_height=\"3\" data-hborder_color=\"#3db3ef\" data-icon_width=\"18\" data-hfixer=\"10\"  data-halign=\"center\" style=\"text-align:center\"><div class=\"uvc-main-heading ult-responsive\"  data-ultimate-target='.uvc-heading.ultimate-heading-324569f70367eb452 h2'  data-responsive-json-new='{\"font-size\":\"\",\"line-height\":\"\"}' ><h2 style=\"--font-weight:theme;\">References<\/h2><\/div><div class=\"uvc-heading-spacer line_with_icon\" style=\"topheight:18px;\"><div class=\"ult-just-icon-wrapper  \"><div class=\"align-icon\" style=\"text-align:center;\">\n<div class=\"aio-icon none \"  style=\"font-size:18px;display:inline-block;\">\n\t<i class=\"Defaults-check\"><\/i>\n<\/div><\/div><\/div><\/div><\/div>[\/vc_column][\/vc_row][vc_row][vc_column width=&#8221;1\/2&#8243;][vc_column_text]\u00c7orlu State Hospital<\/p>\n<p>D\u00fczce State Hospital<\/p>\n<p>S\u00fcreyyapa\u015fa Chest Diseases and Thoracic Surgery Training and Research Hospital<\/p>\n<p>Yozgat Sorgun State Hospital<\/p>\n<p>Izmir Suat Seren State Hospital<\/p>\n<p>Izmir Bornova State Hospital[\/vc_column_text][\/vc_column][vc_column width=&#8221;1\/2&#8243;][vc_column_text]Bak\u0131rk\u00f6y Dr.Sadi Guest Education and Research Hospital<\/p>\n<p>Bolu \u0130zzet Baysal State Hospital<\/p>\n<p>Bolu \u0130zzet Baysal Training and Research Hospital K\u00f6ro\u011flu unit<\/p>\n<p>A\u0130B\u00dc \u0130zzet Baysal Education and Research Hospital<\/p>\n<p>\u00c7erkezk\u00f6y State Hospital<\/p>\n<p>Antalya Likya Hospital[\/vc_column_text][\/vc_column][\/vc_row]<\/p>\n<\/div>","protected":false},"excerpt":{"rendered":"<p>[vc_row type=&#8221;vc_default&#8221; css=&#8221;.vc_custom_1526452356451{padding-top: 0px !important;padding-bottom: 20px !important;}&#8221;][vc_column][\/vc_column][\/vc_row][vc_row][vc_column width=&#8221;1\/2&#8243;][vc_column_text]\u00c7orlu State Hospital D\u00fczce State Hospital S\u00fcreyyapa\u015fa Chest Diseases and Thoracic Surgery Training and Research Hospital Yozgat Sorgun State Hospital Izmir Suat Seren State Hospital Izmir Bornova State Hospital[\/vc_column_text][\/vc_column][vc_column width=&#8221;1\/2&#8243;][vc_column_text]Bak\u0131rk\u00f6y Dr.Sadi Guest Education and Research Hospital Bolu \u0130zzet Baysal State Hospital Bolu \u0130zzet Baysal Training and Research Hospital&hellip;<\/p>\n","protected":false},"author":1,"featured_media":0,"parent":0,"menu_order":0,"comment_status":"closed","ping_status":"closed","template":"","meta":{"footnotes":""},"class_list":["post-1659","page","type-page","status-publish","hentry","description-off"],"yoast_head":"<!-- This site is optimized with the Yoast SEO plugin v27.5 - https:\/\/yoast.com\/product\/yoast-seo-wordpress\/ -->\n<title>References - Nef \u0130novasyon | Gelece\u011fin Sa\u011fl\u0131k Teknolojileri<\/title>\n<meta name=\"robots\" content=\"index, follow, max-snippet:-1, max-image-preview:large, max-video-preview:-1\" \/>\n<link rel=\"canonical\" href=\"https:\/\/www.nefinovasyon.com.tr\/referanslarimiz\/\" \/>\n<meta property=\"og:locale\" content=\"en_US\" \/>\n<meta property=\"og:type\" content=\"article\" \/>\n<meta property=\"og:title\" content=\"[:tr]Referanslar\u0131m\u0131z[:en]References[:ru]\u0441\u0441\u044b\u043b\u043a\u0438[:] - Nef \u0130novasyon | Gelece\u011fin Sa\u011fl\u0131k Teknolojileri\" \/>\n<meta property=\"og:description\" content=\"[vc_row type=&#8221;vc_default&#8221; css=&#8221;.vc_custom_1526452356451{padding-top: 0px !important;padding-bottom: 20px !important;}&#8221;][vc_column][\/vc_column][\/vc_row][vc_row][vc_column width=&#8221;1\/2&#8243;][vc_column_text]\u00c7orlu State Hospital D\u00fczce State Hospital S\u00fcreyyapa\u015fa Chest Diseases and Thoracic Surgery Training and Research Hospital Yozgat Sorgun State Hospital Izmir Suat Seren State Hospital Izmir Bornova State Hospital[\/vc_column_text][\/vc_column][vc_column width=&#8221;1\/2&#8243;][vc_column_text]Bak\u0131rk\u00f6y Dr.Sadi Guest Education and Research Hospital Bolu \u0130zzet Baysal State Hospital Bolu \u0130zzet Baysal Training and Research Hospital&hellip;\" \/>\n<meta property=\"og:url\" content=\"https:\/\/www.nefinovasyon.com.tr\/referanslarimiz\/\" \/>\n<meta property=\"og:site_name\" content=\"Nef \u0130novasyon | Gelece\u011fin Sa\u011fl\u0131k Teknolojileri\" \/>\n<meta property=\"article:modified_time\" content=\"2018-06-01T14:08:21+00:00\" \/>\n<meta name=\"twitter:card\" content=\"summary_large_image\" \/>\n<meta name=\"twitter:label1\" content=\"Est. reading time\" \/>\n\t<meta name=\"twitter:data1\" content=\"2 minutes\" \/>\n<script type=\"application\/ld+json\" class=\"yoast-schema-graph\">{\"@context\":\"https:\\\/\\\/schema.org\",\"@graph\":[{\"@type\":\"WebPage\",\"@id\":\"https:\\\/\\\/www.nefinovasyon.com.tr\\\/referanslarimiz\\\/\",\"url\":\"https:\\\/\\\/www.nefinovasyon.com.tr\\\/referanslarimiz\\\/\",\"name\":\"[:tr]Referanslar\u0131m\u0131z[:en]References[:ru]\u0441\u0441\u044b\u043b\u043a\u0438[:] - Nef \u0130novasyon | Gelece\u011fin Sa\u011fl\u0131k Teknolojileri\",\"isPartOf\":{\"@id\":\"https:\\\/\\\/www.nefinovasyon.com.tr\\\/#website\"},\"datePublished\":\"2018-05-14T12:20:06+00:00\",\"dateModified\":\"2018-06-01T14:08:21+00:00\",\"breadcrumb\":{\"@id\":\"https:\\\/\\\/www.nefinovasyon.com.tr\\\/referanslarimiz\\\/#breadcrumb\"},\"inLanguage\":\"en-US\",\"potentialAction\":[{\"@type\":\"ReadAction\",\"target\":[\"https:\\\/\\\/www.nefinovasyon.com.tr\\\/referanslarimiz\\\/\"]}]},{\"@type\":\"BreadcrumbList\",\"@id\":\"https:\\\/\\\/www.nefinovasyon.com.tr\\\/referanslarimiz\\\/#breadcrumb\",\"itemListElement\":[{\"@type\":\"ListItem\",\"position\":1,\"name\":\"Anasayfa\",\"item\":\"https:\\\/\\\/www.nefinovasyon.com.tr\\\/\"},{\"@type\":\"ListItem\",\"position\":2,\"name\":\"Referanslar\u0131m\u0131z\"}]},{\"@type\":\"WebSite\",\"@id\":\"https:\\\/\\\/www.nefinovasyon.com.tr\\\/#website\",\"url\":\"https:\\\/\\\/www.nefinovasyon.com.tr\\\/\",\"name\":\"Nef \u0130novasyon | Gelece\u011fin Sa\u011fl\u0131k Teknolojileri\",\"description\":\"Emar Cihaz\u0131, Tomografi Cihaz\u0131,  Ultrason Cihaz\u0131, R\u00f6ntgen Cihaz\u0131, Menoraji Cihaz\u0131, Fizik Tedavi hizmetleri vermekteyiz. +90 212 594 77 51\",\"potentialAction\":[{\"@type\":\"SearchAction\",\"target\":{\"@type\":\"EntryPoint\",\"urlTemplate\":\"https:\\\/\\\/www.nefinovasyon.com.tr\\\/?s={search_term_string}\"},\"query-input\":{\"@type\":\"PropertyValueSpecification\",\"valueRequired\":true,\"valueName\":\"search_term_string\"}}],\"inLanguage\":\"en-US\"}]}<\/script>\n<!-- \/ Yoast SEO plugin. -->","yoast_head_json":{"title":"[:tr]Referanslar\u0131m\u0131z[:en]References[:ru]\u0441\u0441\u044b\u043b\u043a\u0438[:] - Nef \u0130novasyon | Gelece\u011fin Sa\u011fl\u0131k Teknolojileri","robots":{"index":"index","follow":"follow","max-snippet":"max-snippet:-1","max-image-preview":"max-image-preview:large","max-video-preview":"max-video-preview:-1"},"canonical":"https:\/\/www.nefinovasyon.com.tr\/referanslarimiz\/","og_locale":"en_US","og_type":"article","og_title":"[:tr]Referanslar\u0131m\u0131z[:en]References[:ru]\u0441\u0441\u044b\u043b\u043a\u0438[:] - Nef \u0130novasyon | Gelece\u011fin Sa\u011fl\u0131k Teknolojileri","og_description":"[vc_row type=&#8221;vc_default&#8221; css=&#8221;.vc_custom_1526452356451{padding-top: 0px !important;padding-bottom: 20px !important;}&#8221;][vc_column][\/vc_column][\/vc_row][vc_row][vc_column width=&#8221;1\/2&#8243;][vc_column_text]\u00c7orlu State Hospital D\u00fczce State Hospital S\u00fcreyyapa\u015fa Chest Diseases and Thoracic Surgery Training and Research Hospital Yozgat Sorgun State Hospital Izmir Suat Seren State Hospital Izmir Bornova State Hospital[\/vc_column_text][\/vc_column][vc_column width=&#8221;1\/2&#8243;][vc_column_text]Bak\u0131rk\u00f6y Dr.Sadi Guest Education and Research Hospital Bolu \u0130zzet Baysal State Hospital Bolu \u0130zzet Baysal Training and Research Hospital&hellip;","og_url":"https:\/\/www.nefinovasyon.com.tr\/referanslarimiz\/","og_site_name":"Nef \u0130novasyon | Gelece\u011fin Sa\u011fl\u0131k Teknolojileri","article_modified_time":"2018-06-01T14:08:21+00:00","twitter_card":"summary_large_image","twitter_misc":{"Est. reading time":"2 minutes"},"schema":{"@context":"https:\/\/schema.org","@graph":[{"@type":"WebPage","@id":"https:\/\/www.nefinovasyon.com.tr\/referanslarimiz\/","url":"https:\/\/www.nefinovasyon.com.tr\/referanslarimiz\/","name":"[:tr]Referanslar\u0131m\u0131z[:en]References[:ru]\u0441\u0441\u044b\u043b\u043a\u0438[:] - Nef \u0130novasyon | Gelece\u011fin Sa\u011fl\u0131k Teknolojileri","isPartOf":{"@id":"https:\/\/www.nefinovasyon.com.tr\/#website"},"datePublished":"2018-05-14T12:20:06+00:00","dateModified":"2018-06-01T14:08:21+00:00","breadcrumb":{"@id":"https:\/\/www.nefinovasyon.com.tr\/referanslarimiz\/#breadcrumb"},"inLanguage":"en-US","potentialAction":[{"@type":"ReadAction","target":["https:\/\/www.nefinovasyon.com.tr\/referanslarimiz\/"]}]},{"@type":"BreadcrumbList","@id":"https:\/\/www.nefinovasyon.com.tr\/referanslarimiz\/#breadcrumb","itemListElement":[{"@type":"ListItem","position":1,"name":"Anasayfa","item":"https:\/\/www.nefinovasyon.com.tr\/"},{"@type":"ListItem","position":2,"name":"Referanslar\u0131m\u0131z"}]},{"@type":"WebSite","@id":"https:\/\/www.nefinovasyon.com.tr\/#website","url":"https:\/\/www.nefinovasyon.com.tr\/","name":"Nef \u0130novasyon | Gelece\u011fin Sa\u011fl\u0131k Teknolojileri","description":"Emar Cihaz\u0131, Tomografi Cihaz\u0131,  Ultrason Cihaz\u0131, R\u00f6ntgen Cihaz\u0131, Menoraji Cihaz\u0131, Fizik Tedavi hizmetleri vermekteyiz. +90 212 594 77 51","potentialAction":[{"@type":"SearchAction","target":{"@type":"EntryPoint","urlTemplate":"https:\/\/www.nefinovasyon.com.tr\/?s={search_term_string}"},"query-input":{"@type":"PropertyValueSpecification","valueRequired":true,"valueName":"search_term_string"}}],"inLanguage":"en-US"}]}},"_links":{"self":[{"href":"https:\/\/www.nefinovasyon.com.tr\/en\/wp-json\/wp\/v2\/pages\/1659","targetHints":{"allow":["GET"]}}],"collection":[{"href":"https:\/\/www.nefinovasyon.com.tr\/en\/wp-json\/wp\/v2\/pages"}],"about":[{"href":"https:\/\/www.nefinovasyon.com.tr\/en\/wp-json\/wp\/v2\/types\/page"}],"author":[{"embeddable":true,"href":"https:\/\/www.nefinovasyon.com.tr\/en\/wp-json\/wp\/v2\/users\/1"}],"replies":[{"embeddable":true,"href":"https:\/\/www.nefinovasyon.com.tr\/en\/wp-json\/wp\/v2\/comments?post=1659"}],"version-history":[{"count":0,"href":"https:\/\/www.nefinovasyon.com.tr\/en\/wp-json\/wp\/v2\/pages\/1659\/revisions"}],"wp:attachment":[{"href":"https:\/\/www.nefinovasyon.com.tr\/en\/wp-json\/wp\/v2\/media?parent=1659"}],"curies":[{"name":"wp","href":"https:\/\/api.w.org\/{rel}","templated":true}]}}