{"id":1632,"date":"2018-05-14T12:34:33","date_gmt":"2018-05-14T09:34:33","guid":{"rendered":"http:\/\/nefinovasyon.com.tr\/?page_id=1632"},"modified":"2018-05-30T12:12:37","modified_gmt":"2018-05-30T09:12:37","slug":"mamografi","status":"publish","type":"page","link":"https:\/\/www.nefinovasyon.com.tr\/en\/mamografi\/","title":{"rendered":"Mamografi"},"content":{"rendered":"<div class=\"wpb-content-wrapper\"><p>[vc_row type=&#8221;vc_default&#8221; content_placement=&#8221;middle&#8221; css=&#8221;.vc_custom_1526452239066{padding-top: 0px !important;padding-bottom: 20px !important;}&#8221; el_id=&#8221;about&#8221;][vc_column offset=&#8221;vc_col-lg-6 vc_col-md-6&#8243; css=&#8221;.vc_custom_1515424178786{padding-bottom: 50px !important;}&#8221;]<div id=\"ultimate-heading-490469e738ded54cc\" class=\"uvc-heading ult-adjust-bottom-margin ultimate-heading-490469e738ded54cc uvc-8318 \" data-hspacer=\"no_spacer\"  data-halign=\"left\" style=\"text-align:left\"><div class=\"uvc-heading-spacer no_spacer\" style=\"top\"><\/div><div class=\"uvc-main-heading ult-responsive\"  data-ultimate-target='.uvc-heading.ultimate-heading-490469e738ded54cc h2'  data-responsive-json-new='{\"font-size\":\"desktop:30px;\",\"line-height\":\"desktop:40px;\"}' ><h2 style=\"font-weight:bold;margin-bottom:20px;\">Mammography<\/h2><\/div><div class=\"uvc-sub-heading ult-responsive\"  data-ultimate-target='.uvc-heading.ultimate-heading-490469e738ded54cc .uvc-sub-heading '  data-responsive-json-new='{\"font-size\":\"\",\"line-height\":\"desktop:26px;\"}'  style=\"font-weight:normal;margin-bottom:20px;\"><strong>The mammography device is one of the most effective methods for diagnosing the breast cancer that women most frequently encounter.<\/strong><\/p>\n<p>The small anomalies found on the breast are noticed by the device. This plays a big role in diagnosing breast cancer. Women must have mammography at least once a year according to their age. When you follow your tests and examinations regularly, you can prevent breast cancer.<\/p>\n<h2>What is the working principle of a mammography device?<\/h2>\n<p>The two plates on the device clamp the nozzles. The device generates x-rays with low energy through the x-ray tube thanks to the X-ray generator. X-rays to prevent damage to the breast collimator and so on. through the filter is applied on the nipples. With X-rays, images are obtained on the analogue film of the device.<\/p>\n<h2>What are the basic parts on the device?<\/h2>\n<p>In and on the device;<\/p>\n<p>X-ray generator,<br \/>\nX-ray tube,<br \/>\ncollimator<br \/>\nPrinting plate<br \/>\nDetector<br \/>\nThere is a display processing unit.<\/p>\n<p><strong>What are the usage areas of imaging devices?<\/strong><br \/>\nIt is used in radiology units for the diagnosis of breast cancer and chest screenings. The imaging device is included in branches related to gynecological diseases.<\/div><\/div>[\/vc_column][vc_column width=&#8221;2\/3&#8243; offset=&#8221;vc_col-lg-offset-0 vc_col-lg-6 vc_col-md-offset-0 vc_col-md-6 vc_col-sm-offset-2&#8243; css=&#8221;.vc_custom_1515424193637{padding-bottom: 50px !important;}&#8221;]<style type=\"text\/css\" data-type=\"the7_shortcodes-inline-css\">.shortcode-single-image-wrap.shortcode-single-image-29987ff6e9c1bc2f0060a667c8af5dd2.enable-bg-rollover .rollover i,\n.shortcode-single-image-wrap.shortcode-single-image-29987ff6e9c1bc2f0060a667c8af5dd2.enable-bg-rollover .rollover-video i {\n  background: -webkit-linear-gradient();\n  background: linear-gradient();\n}\n.shortcode-single-image-wrap.shortcode-single-image-29987ff6e9c1bc2f0060a667c8af5dd2 .rollover-icon {\n  font-size: 32px;\n  color: #ffffff;\n  min-width: 44px;\n  min-height: 44px;\n  line-height: 44px;\n  border-radius: 100px;\n  border-style: solid;\n  border-width: 0px;\n}\n.dt-icon-bg-on.shortcode-single-image-wrap.shortcode-single-image-29987ff6e9c1bc2f0060a667c8af5dd2 .rollover-icon {\n  background: rgba(255,255,255,0.3);\n  box-shadow: none;\n}<\/style><div class=\"shortcode-single-image-wrap shortcode-single-image-29987ff6e9c1bc2f0060a667c8af5dd2 alignnone  enable-bg-rollover dt-icon-bg-off\" style=\"margin-top:0px; margin-bottom:0px; margin-left:0px; margin-right:0px; width:1000px;\"><div class=\"shortcode-single-image\"><div class=\"fancy-media-wrap  layzr-bg\" style=\"\"><img fetchpriority=\"high\" decoding=\"async\" class=\"preload-me lazy-load aspect\" src=\"data:image\/svg+xml,%3Csvg%20xmlns%3D&#39;http%3A%2F%2Fwww.w3.org%2F2000%2Fsvg&#39;%20viewBox%3D&#39;0%200%20952%20667&#39;%2F%3E\" data-src=\"https:\/\/www.nefinovasyon.com.tr\/wp-content\/uploads\/2018\/05\/3687638225af596862a3d55.60086415-shutterstock-533672527-952x667.png\" data-srcset=\"https:\/\/www.nefinovasyon.com.tr\/wp-content\/uploads\/2018\/05\/3687638225af596862a3d55.60086415-shutterstock-533672527-952x667.png 952w\" loading=\"eager\" sizes=\"(max-width: 952px) 100vw, 952px\" width=\"952\" height=\"667\"  data-dt-location=\"https:\/\/www.nefinovasyon.com.tr\/en\/mamografi\/3687638225af596862a3d55-60086415-shutterstock-533672527\/\" style=\"--ratio: 952 \/ 667;\" alt=\"\" \/><\/div><\/div><\/div><style type=\"text\/css\" data-type=\"the7_shortcodes-inline-css\">.shortcode-single-image-wrap.shortcode-single-image-53121227bd54345c0e1f753ff6f5b506.enable-bg-rollover .rollover i,\n.shortcode-single-image-wrap.shortcode-single-image-53121227bd54345c0e1f753ff6f5b506.enable-bg-rollover .rollover-video i {\n  background: -webkit-linear-gradient();\n  background: linear-gradient();\n}\n.shortcode-single-image-wrap.shortcode-single-image-53121227bd54345c0e1f753ff6f5b506 .rollover-icon {\n  font-size: 32px;\n  color: #ffffff;\n  min-width: 44px;\n  min-height: 44px;\n  line-height: 44px;\n  border-radius: 100px;\n  border-style: solid;\n  border-width: 0px;\n}\n.dt-icon-bg-on.shortcode-single-image-wrap.shortcode-single-image-53121227bd54345c0e1f753ff6f5b506 .rollover-icon {\n  background: rgba(255,255,255,0.3);\n  box-shadow: none;\n}<\/style><div class=\"shortcode-single-image-wrap shortcode-single-image-53121227bd54345c0e1f753ff6f5b506 alignnone  enable-bg-rollover dt-icon-bg-off\" style=\"margin-top:0px; margin-bottom:0px; margin-left:0px; margin-right:0px; width:1000px;\"><div class=\"shortcode-single-image\"><div class=\"fancy-media-wrap  layzr-bg\" style=\"\"><img decoding=\"async\" class=\"preload-me lazy-load aspect\" src=\"data:image\/svg+xml,%3Csvg%20xmlns%3D&#39;http%3A%2F%2Fwww.w3.org%2F2000%2Fsvg&#39;%20viewBox%3D&#39;0%200%20952%20667&#39;%2F%3E\" data-src=\"https:\/\/www.nefinovasyon.com.tr\/wp-content\/uploads\/2018\/05\/8672852285af5964f90de39.93524714-shutterstock-533672713-952x667.png\" data-srcset=\"https:\/\/www.nefinovasyon.com.tr\/wp-content\/uploads\/2018\/05\/8672852285af5964f90de39.93524714-shutterstock-533672713-952x667.png 952w\" loading=\"eager\" sizes=\"(max-width: 952px) 100vw, 952px\" width=\"952\" height=\"667\"  data-dt-location=\"https:\/\/www.nefinovasyon.com.tr\/en\/mamografi\/8672852285af5964f90de39-93524714-shutterstock-533672713\/\" style=\"--ratio: 952 \/ 667;\" alt=\"\" \/><\/div><\/div><\/div>[\/vc_column][\/vc_row]<\/p>\n<\/div>","protected":false},"excerpt":{"rendered":"<p>[vc_row type=&#8221;vc_default&#8221; content_placement=&#8221;middle&#8221; css=&#8221;.vc_custom_1526452239066{padding-top: 0px !important;padding-bottom: 20px !important;}&#8221; el_id=&#8221;about&#8221;][vc_column offset=&#8221;vc_col-lg-6 vc_col-md-6&#8243; css=&#8221;.vc_custom_1515424178786{padding-bottom: 50px !important;}&#8221;][\/vc_column][vc_column width=&#8221;2\/3&#8243; offset=&#8221;vc_col-lg-offset-0 vc_col-lg-6 vc_col-md-offset-0 vc_col-md-6 vc_col-sm-offset-2&#8243; css=&#8221;.vc_custom_1515424193637{padding-bottom: 50px !important;}&#8221;][\/vc_column][\/vc_row]<\/p>\n","protected":false},"author":1,"featured_media":0,"parent":0,"menu_order":0,"comment_status":"closed","ping_status":"closed","template":"","meta":{"footnotes":""},"class_list":["post-1632","page","type-page","status-publish","hentry","description-off"],"yoast_head":"<!-- This site is optimized with the Yoast SEO plugin v27.4 - https:\/\/yoast.com\/product\/yoast-seo-wordpress\/ -->\n<title>Mamografi - Nef \u0130novasyon | Gelece\u011fin Sa\u011fl\u0131k Teknolojileri<\/title>\n<meta name=\"robots\" content=\"index, follow, max-snippet:-1, max-image-preview:large, max-video-preview:-1\" \/>\n<link rel=\"canonical\" href=\"https:\/\/www.nefinovasyon.com.tr\/mamografi\/\" \/>\n<meta property=\"og:locale\" content=\"en_US\" \/>\n<meta property=\"og:type\" content=\"article\" \/>\n<meta property=\"og:title\" content=\"[:tr]Mamografi[:en]Mamografi[:ru]\u041c\u0430\u043c\u043c\u043e\u0433\u0440\u0430\u0444\u0438\u044f[:] - Nef \u0130novasyon | Gelece\u011fin Sa\u011fl\u0131k Teknolojileri\" \/>\n<meta property=\"og:description\" content=\"[vc_row type=&#8221;vc_default&#8221; content_placement=&#8221;middle&#8221; css=&#8221;.vc_custom_1526452239066{padding-top: 0px !important;padding-bottom: 20px !important;}&#8221; el_id=&#8221;about&#8221;][vc_column offset=&#8221;vc_col-lg-6 vc_col-md-6&#8243; css=&#8221;.vc_custom_1515424178786{padding-bottom: 50px !important;}&#8221;][\/vc_column][vc_column width=&#8221;2\/3&#8243; offset=&#8221;vc_col-lg-offset-0 vc_col-lg-6 vc_col-md-offset-0 vc_col-md-6 vc_col-sm-offset-2&#8243; css=&#8221;.vc_custom_1515424193637{padding-bottom: 50px !important;}&#8221;][\/vc_column][\/vc_row]\" \/>\n<meta property=\"og:url\" content=\"https:\/\/www.nefinovasyon.com.tr\/mamografi\/\" \/>\n<meta property=\"og:site_name\" content=\"Nef \u0130novasyon | Gelece\u011fin Sa\u011fl\u0131k Teknolojileri\" \/>\n<meta property=\"article:modified_time\" content=\"2018-05-30T09:12:37+00:00\" \/>\n<meta name=\"twitter:card\" content=\"summary_large_image\" \/>\n<meta name=\"twitter:label1\" content=\"Est. reading time\" \/>\n\t<meta name=\"twitter:data1\" content=\"4 minutes\" \/>\n<script type=\"application\/ld+json\" class=\"yoast-schema-graph\">{\"@context\":\"https:\\\/\\\/schema.org\",\"@graph\":[{\"@type\":\"WebPage\",\"@id\":\"https:\\\/\\\/www.nefinovasyon.com.tr\\\/mamografi\\\/\",\"url\":\"https:\\\/\\\/www.nefinovasyon.com.tr\\\/mamografi\\\/\",\"name\":\"[:tr]Mamografi[:en]Mamografi[:ru]\u041c\u0430\u043c\u043c\u043e\u0433\u0440\u0430\u0444\u0438\u044f[:] - Nef \u0130novasyon | Gelece\u011fin Sa\u011fl\u0131k Teknolojileri\",\"isPartOf\":{\"@id\":\"https:\\\/\\\/www.nefinovasyon.com.tr\\\/#website\"},\"datePublished\":\"2018-05-14T09:34:33+00:00\",\"dateModified\":\"2018-05-30T09:12:37+00:00\",\"breadcrumb\":{\"@id\":\"https:\\\/\\\/www.nefinovasyon.com.tr\\\/mamografi\\\/#breadcrumb\"},\"inLanguage\":\"en-US\",\"potentialAction\":[{\"@type\":\"ReadAction\",\"target\":[\"https:\\\/\\\/www.nefinovasyon.com.tr\\\/mamografi\\\/\"]}]},{\"@type\":\"BreadcrumbList\",\"@id\":\"https:\\\/\\\/www.nefinovasyon.com.tr\\\/mamografi\\\/#breadcrumb\",\"itemListElement\":[{\"@type\":\"ListItem\",\"position\":1,\"name\":\"Anasayfa\",\"item\":\"https:\\\/\\\/www.nefinovasyon.com.tr\\\/\"},{\"@type\":\"ListItem\",\"position\":2,\"name\":\"Mamografi\"}]},{\"@type\":\"WebSite\",\"@id\":\"https:\\\/\\\/www.nefinovasyon.com.tr\\\/#website\",\"url\":\"https:\\\/\\\/www.nefinovasyon.com.tr\\\/\",\"name\":\"Nef \u0130novasyon | Gelece\u011fin Sa\u011fl\u0131k Teknolojileri\",\"description\":\"Emar Cihaz\u0131, Tomografi Cihaz\u0131,  Ultrason Cihaz\u0131, R\u00f6ntgen Cihaz\u0131, Menoraji Cihaz\u0131, Fizik Tedavi hizmetleri vermekteyiz. +90 212 594 77 51\",\"potentialAction\":[{\"@type\":\"SearchAction\",\"target\":{\"@type\":\"EntryPoint\",\"urlTemplate\":\"https:\\\/\\\/www.nefinovasyon.com.tr\\\/?s={search_term_string}\"},\"query-input\":{\"@type\":\"PropertyValueSpecification\",\"valueRequired\":true,\"valueName\":\"search_term_string\"}}],\"inLanguage\":\"en-US\"}]}<\/script>\n<!-- \/ Yoast SEO plugin. -->","yoast_head_json":{"title":"[:tr]Mamografi[:en]Mamografi[:ru]\u041c\u0430\u043c\u043c\u043e\u0433\u0440\u0430\u0444\u0438\u044f[:] - Nef \u0130novasyon | Gelece\u011fin Sa\u011fl\u0131k Teknolojileri","robots":{"index":"index","follow":"follow","max-snippet":"max-snippet:-1","max-image-preview":"max-image-preview:large","max-video-preview":"max-video-preview:-1"},"canonical":"https:\/\/www.nefinovasyon.com.tr\/mamografi\/","og_locale":"en_US","og_type":"article","og_title":"[:tr]Mamografi[:en]Mamografi[:ru]\u041c\u0430\u043c\u043c\u043e\u0433\u0440\u0430\u0444\u0438\u044f[:] - Nef \u0130novasyon | Gelece\u011fin Sa\u011fl\u0131k Teknolojileri","og_description":"[vc_row type=&#8221;vc_default&#8221; content_placement=&#8221;middle&#8221; css=&#8221;.vc_custom_1526452239066{padding-top: 0px !important;padding-bottom: 20px !important;}&#8221; el_id=&#8221;about&#8221;][vc_column offset=&#8221;vc_col-lg-6 vc_col-md-6&#8243; css=&#8221;.vc_custom_1515424178786{padding-bottom: 50px !important;}&#8221;][\/vc_column][vc_column width=&#8221;2\/3&#8243; offset=&#8221;vc_col-lg-offset-0 vc_col-lg-6 vc_col-md-offset-0 vc_col-md-6 vc_col-sm-offset-2&#8243; css=&#8221;.vc_custom_1515424193637{padding-bottom: 50px !important;}&#8221;][\/vc_column][\/vc_row]","og_url":"https:\/\/www.nefinovasyon.com.tr\/mamografi\/","og_site_name":"Nef \u0130novasyon | Gelece\u011fin Sa\u011fl\u0131k Teknolojileri","article_modified_time":"2018-05-30T09:12:37+00:00","twitter_card":"summary_large_image","twitter_misc":{"Est. reading time":"4 minutes"},"schema":{"@context":"https:\/\/schema.org","@graph":[{"@type":"WebPage","@id":"https:\/\/www.nefinovasyon.com.tr\/mamografi\/","url":"https:\/\/www.nefinovasyon.com.tr\/mamografi\/","name":"[:tr]Mamografi[:en]Mamografi[:ru]\u041c\u0430\u043c\u043c\u043e\u0433\u0440\u0430\u0444\u0438\u044f[:] - Nef \u0130novasyon | Gelece\u011fin Sa\u011fl\u0131k Teknolojileri","isPartOf":{"@id":"https:\/\/www.nefinovasyon.com.tr\/#website"},"datePublished":"2018-05-14T09:34:33+00:00","dateModified":"2018-05-30T09:12:37+00:00","breadcrumb":{"@id":"https:\/\/www.nefinovasyon.com.tr\/mamografi\/#breadcrumb"},"inLanguage":"en-US","potentialAction":[{"@type":"ReadAction","target":["https:\/\/www.nefinovasyon.com.tr\/mamografi\/"]}]},{"@type":"BreadcrumbList","@id":"https:\/\/www.nefinovasyon.com.tr\/mamografi\/#breadcrumb","itemListElement":[{"@type":"ListItem","position":1,"name":"Anasayfa","item":"https:\/\/www.nefinovasyon.com.tr\/"},{"@type":"ListItem","position":2,"name":"Mamografi"}]},{"@type":"WebSite","@id":"https:\/\/www.nefinovasyon.com.tr\/#website","url":"https:\/\/www.nefinovasyon.com.tr\/","name":"Nef \u0130novasyon | Gelece\u011fin Sa\u011fl\u0131k Teknolojileri","description":"Emar Cihaz\u0131, Tomografi Cihaz\u0131,  Ultrason Cihaz\u0131, R\u00f6ntgen Cihaz\u0131, Menoraji Cihaz\u0131, Fizik Tedavi hizmetleri vermekteyiz. +90 212 594 77 51","potentialAction":[{"@type":"SearchAction","target":{"@type":"EntryPoint","urlTemplate":"https:\/\/www.nefinovasyon.com.tr\/?s={search_term_string}"},"query-input":{"@type":"PropertyValueSpecification","valueRequired":true,"valueName":"search_term_string"}}],"inLanguage":"en-US"}]}},"_links":{"self":[{"href":"https:\/\/www.nefinovasyon.com.tr\/en\/wp-json\/wp\/v2\/pages\/1632","targetHints":{"allow":["GET"]}}],"collection":[{"href":"https:\/\/www.nefinovasyon.com.tr\/en\/wp-json\/wp\/v2\/pages"}],"about":[{"href":"https:\/\/www.nefinovasyon.com.tr\/en\/wp-json\/wp\/v2\/types\/page"}],"author":[{"embeddable":true,"href":"https:\/\/www.nefinovasyon.com.tr\/en\/wp-json\/wp\/v2\/users\/1"}],"replies":[{"embeddable":true,"href":"https:\/\/www.nefinovasyon.com.tr\/en\/wp-json\/wp\/v2\/comments?post=1632"}],"version-history":[{"count":0,"href":"https:\/\/www.nefinovasyon.com.tr\/en\/wp-json\/wp\/v2\/pages\/1632\/revisions"}],"wp:attachment":[{"href":"https:\/\/www.nefinovasyon.com.tr\/en\/wp-json\/wp\/v2\/media?parent=1632"}],"curies":[{"name":"wp","href":"https:\/\/api.w.org\/{rel}","templated":true}]}}