{"id":1626,"date":"2018-05-14T12:33:08","date_gmt":"2018-05-14T09:33:08","guid":{"rendered":"http:\/\/nefinovasyon.com.tr\/?page_id=1626"},"modified":"2018-05-30T11:48:30","modified_gmt":"2018-05-30T08:48:30","slug":"tomografi","status":"publish","type":"page","link":"https:\/\/www.nefinovasyon.com.tr\/en\/tomografi\/","title":{"rendered":"Tomography"},"content":{"rendered":"<div class=\"wpb-content-wrapper\"><p>[vc_row type=&#8221;vc_default&#8221; content_placement=&#8221;middle&#8221; css=&#8221;.vc_custom_1526452447695{padding-top: 0px !important;padding-bottom: 20px !important;}&#8221; el_id=&#8221;about&#8221;][vc_column offset=&#8221;vc_col-lg-6 vc_col-md-6&#8243; css=&#8221;.vc_custom_1515424178786{padding-bottom: 50px !important;}&#8221;]<div id=\"ultimate-heading-730769e34db754814\" class=\"uvc-heading ult-adjust-bottom-margin ultimate-heading-730769e34db754814 uvc-2937 \" data-hspacer=\"no_spacer\"  data-halign=\"left\" style=\"text-align:left\"><div class=\"uvc-heading-spacer no_spacer\" style=\"top\"><\/div><div class=\"uvc-main-heading ult-responsive\"  data-ultimate-target='.uvc-heading.ultimate-heading-730769e34db754814 h2'  data-responsive-json-new='{\"font-size\":\"desktop:30px;\",\"line-height\":\"desktop:40px;\"}' ><h2 style=\"font-weight:bold;margin-bottom:20px;\">Tomography<\/h2><\/div><div class=\"uvc-sub-heading ult-responsive\"  data-ultimate-target='.uvc-heading.ultimate-heading-730769e34db754814 .uvc-sub-heading '  data-responsive-json-new='{\"font-size\":\"\",\"line-height\":\"desktop:26px;\"}'  style=\"font-weight:normal;margin-bottom:20px;\">The tomography device consists of several parts. It has similarities with the MR device in terms of appearance and operation characteristics. The device has a panel, table and monitor with ultraviolet rays reflected. During viewing, these tracks run synchronously. The basic working principle of the device is that the images of the patient lying on the table can be displayed on the monitor and recorded in detail.<\/p>\n<p>Imaging of the device is similar to x-ray. The panel that enters the table has a section that reflects ultraviolet rays. The rays are reflected in the desired area and the part of the body is observed with the aid of the camera. The desired section is zoomed with the camera and appears on the monitor in detail. From here it is possible to conduct a detailed examination even on a cell basis.<\/p>\n<p>After the patient is admitted to the table, the table is scanned manually or by remote control so that the area of \u200b\u200bthe patient to be examined is scanned. The created images can be transferred to the film and can be viewed on the computer screen as they are live. The tomography device will record each transaction as data. However, since the x-ray is used as the method, the meaning of the gray tones is the same as in the standard x-ray process.<\/p>\n<p>The patient must hold his \/ her breath to be able to take a cross section on the tomography. Therefore, breathing exercises must be performed before imaging. While it may be necessary to wait about five minutes to get a section in the past, it is possible to take a cross section at a breath holding time thanks to the advanced technology today. The receiving section is examined and recorded in detail in a 3D form on the screen.<\/p>\n<p>In some cases, a fluid known as a contrast agent can be injected into the body of the patient to allow tissue and organs to be seen. The computed tomography procedures are called medicated tomography. The injected contrast agent causes the tissue of the patient to be imaged and displayed better in the device. This method is especially applied in situations such as muscle wasting.<\/p>\n<p>An average CT scan takes about 15 minutes. In this process, the portion of the body to be examined is scanned and the images obtained therefrom are transmitted to the monitor. However, in some cases the duration of the examination can be longer or shorter than 15 minutes. During this time, the device records the images and transmits them to the monitors. This review of the images taken by the health care practitioners will need to be interpreted.<\/div><\/div>[\/vc_column][vc_column width=&#8221;2\/3&#8243; offset=&#8221;vc_col-lg-offset-0 vc_col-lg-6 vc_col-md-offset-0 vc_col-md-6 vc_col-sm-offset-2&#8243; css=&#8221;.vc_custom_1515424193637{padding-bottom: 50px !important;}&#8221;]<style type=\"text\/css\" data-type=\"the7_shortcodes-inline-css\">.shortcode-single-image-wrap.shortcode-single-image-3c7e1969894fc53dd8c1b48ed099817d.enable-bg-rollover .rollover i,\n.shortcode-single-image-wrap.shortcode-single-image-3c7e1969894fc53dd8c1b48ed099817d.enable-bg-rollover .rollover-video i {\n  background: -webkit-linear-gradient();\n  background: linear-gradient();\n}\n.shortcode-single-image-wrap.shortcode-single-image-3c7e1969894fc53dd8c1b48ed099817d .rollover-icon {\n  font-size: 32px;\n  color: #ffffff;\n  min-width: 44px;\n  min-height: 44px;\n  line-height: 44px;\n  border-radius: 100px;\n  border-style: solid;\n  border-width: 0px;\n}\n.dt-icon-bg-on.shortcode-single-image-wrap.shortcode-single-image-3c7e1969894fc53dd8c1b48ed099817d .rollover-icon {\n  background: rgba(255,255,255,0.3);\n  box-shadow: none;\n}<\/style><div class=\"shortcode-single-image-wrap shortcode-single-image-3c7e1969894fc53dd8c1b48ed099817d alignnone  enable-bg-rollover dt-icon-bg-off\" style=\"margin-top:0px; margin-bottom:0px; margin-left:0px; margin-right:0px; width:1000px;\"><div class=\"shortcode-single-image\"><div class=\"fancy-media-wrap  layzr-bg\" style=\"\"><img fetchpriority=\"high\" decoding=\"async\" class=\"preload-me lazy-load aspect\" src=\"data:image\/svg+xml,%3Csvg%20xmlns%3D&#39;http%3A%2F%2Fwww.w3.org%2F2000%2Fsvg&#39;%20viewBox%3D&#39;0%200%20952%20667&#39;%2F%3E\" data-src=\"https:\/\/www.nefinovasyon.com.tr\/wp-content\/uploads\/2018\/05\/31932106_6098504034230_6737385081200967680_n-952x667.png\" data-srcset=\"https:\/\/www.nefinovasyon.com.tr\/wp-content\/uploads\/2018\/05\/31932106_6098504034230_6737385081200967680_n-952x667.png 952w\" loading=\"eager\" sizes=\"(max-width: 952px) 100vw, 952px\" width=\"952\" height=\"667\"  data-dt-location=\"https:\/\/www.nefinovasyon.com.tr\/en\/hakkimizda\/31932106_6098504034230_6737385081200967680_n\/\" style=\"--ratio: 952 \/ 667;\" alt=\"\" \/><\/div><\/div><\/div><style type=\"text\/css\" data-type=\"the7_shortcodes-inline-css\">.shortcode-single-image-wrap.shortcode-single-image-92a1769a2c315e7880f460f1150abb09.enable-bg-rollover .rollover i,\n.shortcode-single-image-wrap.shortcode-single-image-92a1769a2c315e7880f460f1150abb09.enable-bg-rollover .rollover-video i {\n  background: -webkit-linear-gradient();\n  background: linear-gradient();\n}\n.shortcode-single-image-wrap.shortcode-single-image-92a1769a2c315e7880f460f1150abb09 .rollover-icon {\n  font-size: 32px;\n  color: #ffffff;\n  min-width: 44px;\n  min-height: 44px;\n  line-height: 44px;\n  border-radius: 100px;\n  border-style: solid;\n  border-width: 0px;\n}\n.dt-icon-bg-on.shortcode-single-image-wrap.shortcode-single-image-92a1769a2c315e7880f460f1150abb09 .rollover-icon {\n  background: rgba(255,255,255,0.3);\n  box-shadow: none;\n}<\/style><div class=\"shortcode-single-image-wrap shortcode-single-image-92a1769a2c315e7880f460f1150abb09 alignnone  enable-bg-rollover dt-icon-bg-off\" style=\"margin-top:0px; margin-bottom:0px; margin-left:0px; margin-right:0px; width:1000px;\"><div class=\"shortcode-single-image\"><div class=\"fancy-media-wrap  layzr-bg\" style=\"\"><img decoding=\"async\" class=\"preload-me lazy-load aspect\" src=\"data:image\/svg+xml,%3Csvg%20xmlns%3D&#39;http%3A%2F%2Fwww.w3.org%2F2000%2Fsvg&#39;%20viewBox%3D&#39;0%200%20952%20667&#39;%2F%3E\" data-src=\"https:\/\/www.nefinovasyon.com.tr\/wp-content\/uploads\/2018\/05\/32299318_6098504033230_2684359129845202944_n-952x667.png\" data-srcset=\"https:\/\/www.nefinovasyon.com.tr\/wp-content\/uploads\/2018\/05\/32299318_6098504033230_2684359129845202944_n-952x667.png 952w\" loading=\"eager\" sizes=\"(max-width: 952px) 100vw, 952px\" width=\"952\" height=\"667\"  data-dt-location=\"https:\/\/www.nefinovasyon.com.tr\/en\/emar\/32299318_6098504033230_2684359129845202944_n\/\" style=\"--ratio: 952 \/ 667;\" alt=\"\" \/><\/div><\/div><\/div>[\/vc_column][\/vc_row]<\/p>\n<\/div>","protected":false},"excerpt":{"rendered":"<p>[vc_row type=&#8221;vc_default&#8221; content_placement=&#8221;middle&#8221; css=&#8221;.vc_custom_1526452447695{padding-top: 0px !important;padding-bottom: 20px !important;}&#8221; el_id=&#8221;about&#8221;][vc_column offset=&#8221;vc_col-lg-6 vc_col-md-6&#8243; css=&#8221;.vc_custom_1515424178786{padding-bottom: 50px !important;}&#8221;][\/vc_column][vc_column width=&#8221;2\/3&#8243; offset=&#8221;vc_col-lg-offset-0 vc_col-lg-6 vc_col-md-offset-0 vc_col-md-6 vc_col-sm-offset-2&#8243; css=&#8221;.vc_custom_1515424193637{padding-bottom: 50px !important;}&#8221;][\/vc_column][\/vc_row]<\/p>\n","protected":false},"author":1,"featured_media":0,"parent":0,"menu_order":0,"comment_status":"closed","ping_status":"closed","template":"","meta":{"footnotes":""},"class_list":["post-1626","page","type-page","status-publish","hentry","description-off"],"yoast_head":"<!-- This site is optimized with the Yoast SEO plugin v27.4 - https:\/\/yoast.com\/product\/yoast-seo-wordpress\/ -->\n<title>Tomography - Nef \u0130novasyon | Gelece\u011fin Sa\u011fl\u0131k Teknolojileri<\/title>\n<meta name=\"robots\" content=\"index, follow, max-snippet:-1, max-image-preview:large, max-video-preview:-1\" \/>\n<link rel=\"canonical\" href=\"https:\/\/www.nefinovasyon.com.tr\/ru\/tomografi\/\" \/>\n<meta property=\"og:locale\" content=\"en_US\" \/>\n<meta property=\"og:type\" content=\"article\" \/>\n<meta property=\"og:title\" content=\"[:tr]Tomografi[:en]Tomography[:ru]\u0422\u043e\u043c\u043e\u0433\u0440\u0430\u0444\u0438\u044f[:] - Nef \u0130novasyon | Gelece\u011fin Sa\u011fl\u0131k Teknolojileri\" \/>\n<meta property=\"og:description\" content=\"[vc_row type=&#8221;vc_default&#8221; content_placement=&#8221;middle&#8221; css=&#8221;.vc_custom_1526452447695{padding-top: 0px !important;padding-bottom: 20px !important;}&#8221; el_id=&#8221;about&#8221;][vc_column offset=&#8221;vc_col-lg-6 vc_col-md-6&#8243; css=&#8221;.vc_custom_1515424178786{padding-bottom: 50px !important;}&#8221;][\/vc_column][vc_column width=&#8221;2\/3&#8243; offset=&#8221;vc_col-lg-offset-0 vc_col-lg-6 vc_col-md-offset-0 vc_col-md-6 vc_col-sm-offset-2&#8243; css=&#8221;.vc_custom_1515424193637{padding-bottom: 50px !important;}&#8221;][\/vc_column][\/vc_row]\" \/>\n<meta property=\"og:url\" content=\"https:\/\/www.nefinovasyon.com.tr\/ru\/tomografi\/\" \/>\n<meta property=\"og:site_name\" content=\"Nef \u0130novasyon | Gelece\u011fin Sa\u011fl\u0131k Teknolojileri\" \/>\n<meta property=\"article:modified_time\" content=\"2018-05-30T08:48:30+00:00\" \/>\n<meta name=\"twitter:card\" content=\"summary_large_image\" \/>\n<meta name=\"twitter:label1\" content=\"Est. reading time\" \/>\n\t<meta name=\"twitter:data1\" content=\"6 minutes\" \/>\n<script type=\"application\/ld+json\" class=\"yoast-schema-graph\">{\"@context\":\"https:\\\/\\\/schema.org\",\"@graph\":[{\"@type\":\"WebPage\",\"@id\":\"https:\\\/\\\/www.nefinovasyon.com.tr\\\/ru\\\/tomografi\\\/\",\"url\":\"https:\\\/\\\/www.nefinovasyon.com.tr\\\/ru\\\/tomografi\\\/\",\"name\":\"[:tr]Tomografi[:en]Tomography[:ru]\u0422\u043e\u043c\u043e\u0433\u0440\u0430\u0444\u0438\u044f[:] - Nef \u0130novasyon | Gelece\u011fin Sa\u011fl\u0131k Teknolojileri\",\"isPartOf\":{\"@id\":\"https:\\\/\\\/www.nefinovasyon.com.tr\\\/#website\"},\"datePublished\":\"2018-05-14T09:33:08+00:00\",\"dateModified\":\"2018-05-30T08:48:30+00:00\",\"breadcrumb\":{\"@id\":\"https:\\\/\\\/www.nefinovasyon.com.tr\\\/ru\\\/tomografi\\\/#breadcrumb\"},\"inLanguage\":\"en-US\",\"potentialAction\":[{\"@type\":\"ReadAction\",\"target\":[\"https:\\\/\\\/www.nefinovasyon.com.tr\\\/ru\\\/tomografi\\\/\"]}]},{\"@type\":\"BreadcrumbList\",\"@id\":\"https:\\\/\\\/www.nefinovasyon.com.tr\\\/ru\\\/tomografi\\\/#breadcrumb\",\"itemListElement\":[{\"@type\":\"ListItem\",\"position\":1,\"name\":\"Anasayfa\",\"item\":\"https:\\\/\\\/www.nefinovasyon.com.tr\\\/\"},{\"@type\":\"ListItem\",\"position\":2,\"name\":\"\u0422\u043e\u043c\u043e\u0433\u0440\u0430\u0444\u0438\u044f\"}]},{\"@type\":\"WebSite\",\"@id\":\"https:\\\/\\\/www.nefinovasyon.com.tr\\\/#website\",\"url\":\"https:\\\/\\\/www.nefinovasyon.com.tr\\\/\",\"name\":\"Nef \u0130novasyon | Gelece\u011fin Sa\u011fl\u0131k Teknolojileri\",\"description\":\"Emar Cihaz\u0131, Tomografi Cihaz\u0131,  Ultrason Cihaz\u0131, R\u00f6ntgen Cihaz\u0131, Menoraji Cihaz\u0131, Fizik Tedavi hizmetleri vermekteyiz. +90 212 594 77 51\",\"potentialAction\":[{\"@type\":\"SearchAction\",\"target\":{\"@type\":\"EntryPoint\",\"urlTemplate\":\"https:\\\/\\\/www.nefinovasyon.com.tr\\\/?s={search_term_string}\"},\"query-input\":{\"@type\":\"PropertyValueSpecification\",\"valueRequired\":true,\"valueName\":\"search_term_string\"}}],\"inLanguage\":\"en-US\"}]}<\/script>\n<!-- \/ Yoast SEO plugin. -->","yoast_head_json":{"title":"[:tr]Tomografi[:en]Tomography[:ru]\u0422\u043e\u043c\u043e\u0433\u0440\u0430\u0444\u0438\u044f[:] - Nef \u0130novasyon | Gelece\u011fin Sa\u011fl\u0131k Teknolojileri","robots":{"index":"index","follow":"follow","max-snippet":"max-snippet:-1","max-image-preview":"max-image-preview:large","max-video-preview":"max-video-preview:-1"},"canonical":"https:\/\/www.nefinovasyon.com.tr\/ru\/tomografi\/","og_locale":"en_US","og_type":"article","og_title":"[:tr]Tomografi[:en]Tomography[:ru]\u0422\u043e\u043c\u043e\u0433\u0440\u0430\u0444\u0438\u044f[:] - Nef \u0130novasyon | Gelece\u011fin Sa\u011fl\u0131k Teknolojileri","og_description":"[vc_row type=&#8221;vc_default&#8221; content_placement=&#8221;middle&#8221; css=&#8221;.vc_custom_1526452447695{padding-top: 0px !important;padding-bottom: 20px !important;}&#8221; el_id=&#8221;about&#8221;][vc_column offset=&#8221;vc_col-lg-6 vc_col-md-6&#8243; css=&#8221;.vc_custom_1515424178786{padding-bottom: 50px !important;}&#8221;][\/vc_column][vc_column width=&#8221;2\/3&#8243; offset=&#8221;vc_col-lg-offset-0 vc_col-lg-6 vc_col-md-offset-0 vc_col-md-6 vc_col-sm-offset-2&#8243; css=&#8221;.vc_custom_1515424193637{padding-bottom: 50px !important;}&#8221;][\/vc_column][\/vc_row]","og_url":"https:\/\/www.nefinovasyon.com.tr\/ru\/tomografi\/","og_site_name":"Nef \u0130novasyon | Gelece\u011fin Sa\u011fl\u0131k Teknolojileri","article_modified_time":"2018-05-30T08:48:30+00:00","twitter_card":"summary_large_image","twitter_misc":{"Est. reading time":"6 minutes"},"schema":{"@context":"https:\/\/schema.org","@graph":[{"@type":"WebPage","@id":"https:\/\/www.nefinovasyon.com.tr\/ru\/tomografi\/","url":"https:\/\/www.nefinovasyon.com.tr\/ru\/tomografi\/","name":"[:tr]Tomografi[:en]Tomography[:ru]\u0422\u043e\u043c\u043e\u0433\u0440\u0430\u0444\u0438\u044f[:] - Nef \u0130novasyon | Gelece\u011fin Sa\u011fl\u0131k Teknolojileri","isPartOf":{"@id":"https:\/\/www.nefinovasyon.com.tr\/#website"},"datePublished":"2018-05-14T09:33:08+00:00","dateModified":"2018-05-30T08:48:30+00:00","breadcrumb":{"@id":"https:\/\/www.nefinovasyon.com.tr\/ru\/tomografi\/#breadcrumb"},"inLanguage":"en-US","potentialAction":[{"@type":"ReadAction","target":["https:\/\/www.nefinovasyon.com.tr\/ru\/tomografi\/"]}]},{"@type":"BreadcrumbList","@id":"https:\/\/www.nefinovasyon.com.tr\/ru\/tomografi\/#breadcrumb","itemListElement":[{"@type":"ListItem","position":1,"name":"Anasayfa","item":"https:\/\/www.nefinovasyon.com.tr\/"},{"@type":"ListItem","position":2,"name":"\u0422\u043e\u043c\u043e\u0433\u0440\u0430\u0444\u0438\u044f"}]},{"@type":"WebSite","@id":"https:\/\/www.nefinovasyon.com.tr\/#website","url":"https:\/\/www.nefinovasyon.com.tr\/","name":"Nef \u0130novasyon | Gelece\u011fin Sa\u011fl\u0131k Teknolojileri","description":"Emar Cihaz\u0131, Tomografi Cihaz\u0131,  Ultrason Cihaz\u0131, R\u00f6ntgen Cihaz\u0131, Menoraji Cihaz\u0131, Fizik Tedavi hizmetleri vermekteyiz. +90 212 594 77 51","potentialAction":[{"@type":"SearchAction","target":{"@type":"EntryPoint","urlTemplate":"https:\/\/www.nefinovasyon.com.tr\/?s={search_term_string}"},"query-input":{"@type":"PropertyValueSpecification","valueRequired":true,"valueName":"search_term_string"}}],"inLanguage":"en-US"}]}},"_links":{"self":[{"href":"https:\/\/www.nefinovasyon.com.tr\/en\/wp-json\/wp\/v2\/pages\/1626","targetHints":{"allow":["GET"]}}],"collection":[{"href":"https:\/\/www.nefinovasyon.com.tr\/en\/wp-json\/wp\/v2\/pages"}],"about":[{"href":"https:\/\/www.nefinovasyon.com.tr\/en\/wp-json\/wp\/v2\/types\/page"}],"author":[{"embeddable":true,"href":"https:\/\/www.nefinovasyon.com.tr\/en\/wp-json\/wp\/v2\/users\/1"}],"replies":[{"embeddable":true,"href":"https:\/\/www.nefinovasyon.com.tr\/en\/wp-json\/wp\/v2\/comments?post=1626"}],"version-history":[{"count":0,"href":"https:\/\/www.nefinovasyon.com.tr\/en\/wp-json\/wp\/v2\/pages\/1626\/revisions"}],"wp:attachment":[{"href":"https:\/\/www.nefinovasyon.com.tr\/en\/wp-json\/wp\/v2\/media?parent=1626"}],"curies":[{"name":"wp","href":"https:\/\/api.w.org\/{rel}","templated":true}]}}